{"id":10001,"date":"2025-12-08T11:13:45","date_gmt":"2025-12-08T10:13:45","guid":{"rendered":"https:\/\/sk\u00f6nam\u00f6bler.se\/?product=ronne-med-4-vaxjo-stolar"},"modified":"2025-12-08T11:13:47","modified_gmt":"2025-12-08T10:13:47","slug":"ronne-med-4-vaxjo-stolar","status":"publish","type":"product","link":"https:\/\/sk\u00f6nam\u00f6bler.se\/?product=ronne-med-4-vaxjo-stolar","title":{"rendered":"R\u00f6nne med 4 V\u00e4xj\u00f6 Stolar"},"content":{"rendered":"<p>M\u00e5tt:\u00a0110\/150x110x75 cm<\/p>\n<p>Material:\u00a0Massiv oljad ek<\/p>\n<p>Matgrupp<\/p>\n","protected":false},"excerpt":{"rendered":"<p>Klassisk matgrupp med 4 st.stolar i massiv oljad ek och bekv\u00e4ma stolar. I det utdragbara bordet kan man l\u00e4tt l\u00e4gga i en ill\u00e4ggsskiva som ing\u00e5r n\u00e4r ni blir fler till bordet.<\/p>\n","protected":false},"featured_media":4182,"template":"","meta":{"_acf_changed":false,"pgc_sgb_lightbox_settings":""},"product_brand":[],"product_cat":[61],"product_tag":[],"class_list":{"0":"post-10001","1":"product","2":"type-product","3":"status-publish","4":"has-post-thumbnail","6":"product_cat-matgrupp","7":"product_shipping_class-dropshipping","8":"pa_antalet-paket-1950","9":"pa_material-massiv-oljad-ek","10":"pa_matt-110-150x110x75-cm","11":"pa_modell-ronne-med-4-vaxjo-stolar","13":"first","14":"instock","15":"purchasable","16":"product-type-simple"},"acf":[],"_links":{"self":[{"href":"https:\/\/sk\u00f6nam\u00f6bler.se\/index.php?rest_route=\/wp\/v2\/product\/10001","targetHints":{"allow":["GET"]}}],"collection":[{"href":"https:\/\/sk\u00f6nam\u00f6bler.se\/index.php?rest_route=\/wp\/v2\/product"}],"about":[{"href":"https:\/\/sk\u00f6nam\u00f6bler.se\/index.php?rest_route=\/wp\/v2\/types\/product"}],"wp:featuredmedia":[{"embeddable":true,"href":"https:\/\/sk\u00f6nam\u00f6bler.se\/index.php?rest_route=\/wp\/v2\/media\/4182"}],"wp:attachment":[{"href":"https:\/\/sk\u00f6nam\u00f6bler.se\/index.php?rest_route=%2Fwp%2Fv2%2Fmedia&parent=10001"}],"wp:term":[{"taxonomy":"product_brand","embeddable":true,"href":"https:\/\/sk\u00f6nam\u00f6bler.se\/index.php?rest_route=%2Fwp%2Fv2%2Fproduct_brand&post=10001"},{"taxonomy":"product_cat","embeddable":true,"href":"https:\/\/sk\u00f6nam\u00f6bler.se\/index.php?rest_route=%2Fwp%2Fv2%2Fproduct_cat&post=10001"},{"taxonomy":"product_tag","embeddable":true,"href":"https:\/\/sk\u00f6nam\u00f6bler.se\/index.php?rest_route=%2Fwp%2Fv2%2Fproduct_tag&post=10001"}],"curies":[{"name":"wp","href":"https:\/\/api.w.org\/{rel}","templated":true}]}}