{"id":10009,"date":"2025-12-08T11:13:45","date_gmt":"2025-12-08T10:13:45","guid":{"rendered":"https:\/\/sk\u00f6nam\u00f6bler.se\/?product=nyborg-med-4-smogen-stolar-2"},"modified":"2025-12-08T11:13:53","modified_gmt":"2025-12-08T10:13:53","slug":"nyborg-med-4-smogen-stolar-2","status":"publish","type":"product","link":"https:\/\/sk\u00f6nam\u00f6bler.se\/?product=nyborg-med-4-smogen-stolar-2","title":{"rendered":"Nyborg med 4 Sm\u00f6gen Stolar"},"content":{"rendered":"<p>M\u00e5tt:\u00a0120\/160x80x75 cm<\/p>\n<p>Material:\u00a0Massiv r\u00f6koljad ek<\/p>\n<p>Matgrupp<\/p>\n","protected":false},"excerpt":{"rendered":"<p>Stilfull matgrupp i massiv r\u00f6koljad ek och 4 matchande stolar i massiv r\u00f6kek. H\u00e4ngklaffen som alltid sitter p\u00e5 sidan g\u00f6r att bordet enkelt kan f\u00f6rl\u00e4ngas vid behov.<\/p>\n","protected":false},"featured_media":9321,"template":"","meta":{"_acf_changed":false,"pgc_sgb_lightbox_settings":""},"product_brand":[],"product_cat":[61],"product_tag":[],"class_list":{"0":"post-10009","1":"product","2":"type-product","3":"status-publish","4":"has-post-thumbnail","6":"product_cat-matgrupp","7":"product_shipping_class-dropshipping","8":"pa_antalet-paket-1950","9":"pa_material-massiv-rokoljad-ek","10":"pa_matt-120-160x80x75-cm","11":"pa_modell-nyborg-med-4-smogen-stolar","13":"first","14":"instock","15":"purchasable","16":"product-type-simple"},"acf":[],"_links":{"self":[{"href":"https:\/\/sk\u00f6nam\u00f6bler.se\/index.php?rest_route=\/wp\/v2\/product\/10009","targetHints":{"allow":["GET"]}}],"collection":[{"href":"https:\/\/sk\u00f6nam\u00f6bler.se\/index.php?rest_route=\/wp\/v2\/product"}],"about":[{"href":"https:\/\/sk\u00f6nam\u00f6bler.se\/index.php?rest_route=\/wp\/v2\/types\/product"}],"wp:featuredmedia":[{"embeddable":true,"href":"https:\/\/sk\u00f6nam\u00f6bler.se\/index.php?rest_route=\/wp\/v2\/media\/9321"}],"wp:attachment":[{"href":"https:\/\/sk\u00f6nam\u00f6bler.se\/index.php?rest_route=%2Fwp%2Fv2%2Fmedia&parent=10009"}],"wp:term":[{"taxonomy":"product_brand","embeddable":true,"href":"https:\/\/sk\u00f6nam\u00f6bler.se\/index.php?rest_route=%2Fwp%2Fv2%2Fproduct_brand&post=10009"},{"taxonomy":"product_cat","embeddable":true,"href":"https:\/\/sk\u00f6nam\u00f6bler.se\/index.php?rest_route=%2Fwp%2Fv2%2Fproduct_cat&post=10009"},{"taxonomy":"product_tag","embeddable":true,"href":"https:\/\/sk\u00f6nam\u00f6bler.se\/index.php?rest_route=%2Fwp%2Fv2%2Fproduct_tag&post=10009"}],"curies":[{"name":"wp","href":"https:\/\/api.w.org\/{rel}","templated":true}]}}