{"id":10012,"date":"2025-12-08T11:13:45","date_gmt":"2025-12-08T10:13:45","guid":{"rendered":"https:\/\/sk\u00f6nam\u00f6bler.se\/?product=nyborg-med-4-ekeby-stolar-3"},"modified":"2025-12-08T11:13:55","modified_gmt":"2025-12-08T10:13:55","slug":"nyborg-med-4-ekeby-stolar-3","status":"publish","type":"product","link":"https:\/\/sk\u00f6nam\u00f6bler.se\/?product=nyborg-med-4-ekeby-stolar-3","title":{"rendered":"Nyborg med 4 Ekeby Stolar"},"content":{"rendered":"<p>M\u00e5tt:\u00a0140x90x75 cm<\/p>\n<p>Material:\u00a0Massiv r\u00f6koljad ek<\/p>\n<p>Matgrupp<\/p>\n","protected":false},"excerpt":{"rendered":"<p>Elegant matgrupp med bord i massiv r\u00f6koljad ek och 4 matchande stolar i massiv ek. Bordet g\u00e5r att komplettera med insticksklaff p\u00e5 b\u00e5da sidor om man vill, praktiskt n\u00e4r ni blir m\u00e5nga till bordet.<\/p>\n","protected":false},"featured_media":9327,"template":"","meta":{"_acf_changed":false,"pgc_sgb_lightbox_settings":""},"product_brand":[],"product_cat":[61],"product_tag":[],"class_list":{"0":"post-10012","1":"product","2":"type-product","3":"status-publish","4":"has-post-thumbnail","6":"product_cat-matgrupp","7":"product_shipping_class-dropshipping","8":"pa_antalet-paket-1950","9":"pa_material-massiv-rokoljad-ek","10":"pa_matt-140x90x75-cm","11":"pa_modell-nyborg-med-4-ekeby-stolar","13":"first","14":"instock","15":"purchasable","16":"product-type-simple"},"acf":[],"_links":{"self":[{"href":"https:\/\/sk\u00f6nam\u00f6bler.se\/index.php?rest_route=\/wp\/v2\/product\/10012","targetHints":{"allow":["GET"]}}],"collection":[{"href":"https:\/\/sk\u00f6nam\u00f6bler.se\/index.php?rest_route=\/wp\/v2\/product"}],"about":[{"href":"https:\/\/sk\u00f6nam\u00f6bler.se\/index.php?rest_route=\/wp\/v2\/types\/product"}],"wp:featuredmedia":[{"embeddable":true,"href":"https:\/\/sk\u00f6nam\u00f6bler.se\/index.php?rest_route=\/wp\/v2\/media\/9327"}],"wp:attachment":[{"href":"https:\/\/sk\u00f6nam\u00f6bler.se\/index.php?rest_route=%2Fwp%2Fv2%2Fmedia&parent=10012"}],"wp:term":[{"taxonomy":"product_brand","embeddable":true,"href":"https:\/\/sk\u00f6nam\u00f6bler.se\/index.php?rest_route=%2Fwp%2Fv2%2Fproduct_brand&post=10012"},{"taxonomy":"product_cat","embeddable":true,"href":"https:\/\/sk\u00f6nam\u00f6bler.se\/index.php?rest_route=%2Fwp%2Fv2%2Fproduct_cat&post=10012"},{"taxonomy":"product_tag","embeddable":true,"href":"https:\/\/sk\u00f6nam\u00f6bler.se\/index.php?rest_route=%2Fwp%2Fv2%2Fproduct_tag&post=10012"}],"curies":[{"name":"wp","href":"https:\/\/api.w.org\/{rel}","templated":true}]}}