{"id":10037,"date":"2025-12-08T11:14:00","date_gmt":"2025-12-08T10:14:00","guid":{"rendered":"https:\/\/sk\u00f6nam\u00f6bler.se\/?product=manilla"},"modified":"2025-12-08T11:14:12","modified_gmt":"2025-12-08T10:14:12","slug":"manilla","status":"publish","type":"product","link":"https:\/\/sk\u00f6nam\u00f6bler.se\/?product=manilla","title":{"rendered":"Manilla"},"content":{"rendered":"<p>M\u00e5tt:\u00a091&#215;55 cm<\/p>\n<p>Material:\u00a0MDF \/ laminat<\/p>\n<p>Soffbord<\/p>\n","protected":false},"excerpt":{"rendered":"<p>L\u00e4ttplacerat soffbord med v\u00e4l tilltagen h\u00f6jd i svartlackad metall, toppskiva och hylla i antikm\u00f6nstrad laminat.<\/p>\n","protected":false},"featured_media":4061,"template":"","meta":{"_acf_changed":false,"pgc_sgb_lightbox_settings":""},"product_brand":[],"product_cat":[51,55],"product_tag":[],"class_list":{"0":"post-10037","1":"product","2":"type-product","3":"status-publish","4":"has-post-thumbnail","6":"product_cat-soffbord","7":"product_cat-varor","8":"product_shipping_class-dropshipping","9":"pa_antalet-paket-1950","10":"pa_material-mdf-laminat","11":"pa_matt-91x55-cm","12":"pa_modell-manilla","14":"first","15":"instock","16":"purchasable","17":"product-type-simple"},"acf":[],"_links":{"self":[{"href":"https:\/\/sk\u00f6nam\u00f6bler.se\/index.php?rest_route=\/wp\/v2\/product\/10037","targetHints":{"allow":["GET"]}}],"collection":[{"href":"https:\/\/sk\u00f6nam\u00f6bler.se\/index.php?rest_route=\/wp\/v2\/product"}],"about":[{"href":"https:\/\/sk\u00f6nam\u00f6bler.se\/index.php?rest_route=\/wp\/v2\/types\/product"}],"wp:featuredmedia":[{"embeddable":true,"href":"https:\/\/sk\u00f6nam\u00f6bler.se\/index.php?rest_route=\/wp\/v2\/media\/4061"}],"wp:attachment":[{"href":"https:\/\/sk\u00f6nam\u00f6bler.se\/index.php?rest_route=%2Fwp%2Fv2%2Fmedia&parent=10037"}],"wp:term":[{"taxonomy":"product_brand","embeddable":true,"href":"https:\/\/sk\u00f6nam\u00f6bler.se\/index.php?rest_route=%2Fwp%2Fv2%2Fproduct_brand&post=10037"},{"taxonomy":"product_cat","embeddable":true,"href":"https:\/\/sk\u00f6nam\u00f6bler.se\/index.php?rest_route=%2Fwp%2Fv2%2Fproduct_cat&post=10037"},{"taxonomy":"product_tag","embeddable":true,"href":"https:\/\/sk\u00f6nam\u00f6bler.se\/index.php?rest_route=%2Fwp%2Fv2%2Fproduct_tag&post=10037"}],"curies":[{"name":"wp","href":"https:\/\/api.w.org\/{rel}","templated":true}]}}