{"id":10040,"date":"2025-12-08T11:14:14","date_gmt":"2025-12-08T10:14:14","guid":{"rendered":"https:\/\/sk\u00f6nam\u00f6bler.se\/?product=wellington"},"modified":"2025-12-08T11:14:15","modified_gmt":"2025-12-08T10:14:15","slug":"wellington","status":"publish","type":"product","link":"https:\/\/sk\u00f6nam\u00f6bler.se\/?product=wellington","title":{"rendered":"Wellington"},"content":{"rendered":"<p>M\u00e5tt:\u00a091&#215;52 cm<\/p>\n<p>Material:\u00a0MDF \/ laminat<\/p>\n<p>Soffbord<\/p>\n","protected":false},"excerpt":{"rendered":"<p>Praktiskt soffbord med hjul f\u00f6r l\u00e4tt f\u00f6rflyttning n\u00e4r dina behov skiftar.<\/p>\n","protected":false},"featured_media":4066,"template":"","meta":{"_acf_changed":false,"pgc_sgb_lightbox_settings":""},"product_brand":[],"product_cat":[51,55],"product_tag":[],"class_list":{"0":"post-10040","1":"product","2":"type-product","3":"status-publish","4":"has-post-thumbnail","6":"product_cat-soffbord","7":"product_cat-varor","8":"product_shipping_class-dropshipping","9":"pa_antalet-paket-1950","10":"pa_material-mdf-laminat","11":"pa_matt-91x52-cm","12":"pa_modell-wellington","14":"first","15":"instock","16":"purchasable","17":"product-type-simple"},"acf":[],"_links":{"self":[{"href":"https:\/\/sk\u00f6nam\u00f6bler.se\/index.php?rest_route=\/wp\/v2\/product\/10040","targetHints":{"allow":["GET"]}}],"collection":[{"href":"https:\/\/sk\u00f6nam\u00f6bler.se\/index.php?rest_route=\/wp\/v2\/product"}],"about":[{"href":"https:\/\/sk\u00f6nam\u00f6bler.se\/index.php?rest_route=\/wp\/v2\/types\/product"}],"wp:featuredmedia":[{"embeddable":true,"href":"https:\/\/sk\u00f6nam\u00f6bler.se\/index.php?rest_route=\/wp\/v2\/media\/4066"}],"wp:attachment":[{"href":"https:\/\/sk\u00f6nam\u00f6bler.se\/index.php?rest_route=%2Fwp%2Fv2%2Fmedia&parent=10040"}],"wp:term":[{"taxonomy":"product_brand","embeddable":true,"href":"https:\/\/sk\u00f6nam\u00f6bler.se\/index.php?rest_route=%2Fwp%2Fv2%2Fproduct_brand&post=10040"},{"taxonomy":"product_cat","embeddable":true,"href":"https:\/\/sk\u00f6nam\u00f6bler.se\/index.php?rest_route=%2Fwp%2Fv2%2Fproduct_cat&post=10040"},{"taxonomy":"product_tag","embeddable":true,"href":"https:\/\/sk\u00f6nam\u00f6bler.se\/index.php?rest_route=%2Fwp%2Fv2%2Fproduct_tag&post=10040"}],"curies":[{"name":"wp","href":"https:\/\/api.w.org\/{rel}","templated":true}]}}