{"id":10042,"date":"2025-12-08T11:14:14","date_gmt":"2025-12-08T10:14:14","guid":{"rendered":"https:\/\/sk\u00f6nam\u00f6bler.se\/?product=monaco"},"modified":"2025-12-08T11:14:16","modified_gmt":"2025-12-08T10:14:16","slug":"monaco","status":"publish","type":"product","link":"https:\/\/sk\u00f6nam\u00f6bler.se\/?product=monaco","title":{"rendered":"Monaco"},"content":{"rendered":"<p>M\u00e5tt:\u00a080&#215;45 \/ 60&#215;35 cm<\/p>\n<p>Material:\u00a0Marmor \/ Metall<\/p>\n<p>Soffbord<\/p>\n","protected":false},"excerpt":{"rendered":"<p>Soffbord Monaco set best\u00e5r av tv\u00e5 bord med underrede i champagnef\u00e4rgad krom och bordsskiva av ljus marmor. Det lilla bordet g\u00e5r att skjuta in under det stora bordet.<\/p>\n","protected":false},"featured_media":4069,"template":"","meta":{"_acf_changed":false,"pgc_sgb_lightbox_settings":""},"product_brand":[],"product_cat":[51,55],"product_tag":[],"class_list":{"0":"post-10042","1":"product","2":"type-product","3":"status-publish","4":"has-post-thumbnail","6":"product_cat-soffbord","7":"product_cat-varor","8":"product_shipping_class-dropshipping","9":"pa_antalet-paket-1950","10":"pa_material-marmor-metall","11":"pa_matt-80x45-60x35-cm","12":"pa_modell-monaco","14":"first","15":"instock","16":"purchasable","17":"product-type-simple"},"acf":[],"_links":{"self":[{"href":"https:\/\/sk\u00f6nam\u00f6bler.se\/index.php?rest_route=\/wp\/v2\/product\/10042","targetHints":{"allow":["GET"]}}],"collection":[{"href":"https:\/\/sk\u00f6nam\u00f6bler.se\/index.php?rest_route=\/wp\/v2\/product"}],"about":[{"href":"https:\/\/sk\u00f6nam\u00f6bler.se\/index.php?rest_route=\/wp\/v2\/types\/product"}],"wp:featuredmedia":[{"embeddable":true,"href":"https:\/\/sk\u00f6nam\u00f6bler.se\/index.php?rest_route=\/wp\/v2\/media\/4069"}],"wp:attachment":[{"href":"https:\/\/sk\u00f6nam\u00f6bler.se\/index.php?rest_route=%2Fwp%2Fv2%2Fmedia&parent=10042"}],"wp:term":[{"taxonomy":"product_brand","embeddable":true,"href":"https:\/\/sk\u00f6nam\u00f6bler.se\/index.php?rest_route=%2Fwp%2Fv2%2Fproduct_brand&post=10042"},{"taxonomy":"product_cat","embeddable":true,"href":"https:\/\/sk\u00f6nam\u00f6bler.se\/index.php?rest_route=%2Fwp%2Fv2%2Fproduct_cat&post=10042"},{"taxonomy":"product_tag","embeddable":true,"href":"https:\/\/sk\u00f6nam\u00f6bler.se\/index.php?rest_route=%2Fwp%2Fv2%2Fproduct_tag&post=10042"}],"curies":[{"name":"wp","href":"https:\/\/api.w.org\/{rel}","templated":true}]}}