{"id":10079,"date":"2025-12-08T11:14:38","date_gmt":"2025-12-08T10:14:38","guid":{"rendered":"https:\/\/sk\u00f6nam\u00f6bler.se\/?product=kungalv"},"modified":"2025-12-08T11:14:38","modified_gmt":"2025-12-08T10:14:38","slug":"kungalv","status":"publish","type":"product","link":"https:\/\/sk\u00f6nam\u00f6bler.se\/?product=kungalv","title":{"rendered":"Kung\u00e4lv"},"content":{"rendered":"<p>M\u00e5tt:\u00a090x90x48,95x44x42(2) cm<\/p>\n<p>Material:\u00a0Massiv r\u00f6koljad ek<\/p>\n<p>Soffbord<\/p>\n","protected":false},"excerpt":{"rendered":"<p>L\u00e4ttplacerat satsbord best\u00e5ende av 3 st. bord i r\u00f6koljad massiv ek och ben i svart metall. Soffbordet passar bra in i dom flesta hem och blir en snygg detalj i rummet.<\/p>\n","protected":false},"featured_media":9390,"template":"","meta":{"_acf_changed":false,"pgc_sgb_lightbox_settings":""},"product_brand":[],"product_cat":[51,55],"product_tag":[],"class_list":{"0":"post-10079","1":"product","2":"type-product","3":"status-publish","4":"has-post-thumbnail","6":"product_cat-soffbord","7":"product_cat-varor","8":"product_shipping_class-dropshipping","9":"pa_antalet-paket-1950","10":"pa_material-massiv-rokoljad-ek","11":"pa_matt-90x90x4895x44x422-cm","12":"pa_modell-kungalv","14":"first","15":"instock","16":"purchasable","17":"product-type-simple"},"acf":[],"_links":{"self":[{"href":"https:\/\/sk\u00f6nam\u00f6bler.se\/index.php?rest_route=\/wp\/v2\/product\/10079","targetHints":{"allow":["GET"]}}],"collection":[{"href":"https:\/\/sk\u00f6nam\u00f6bler.se\/index.php?rest_route=\/wp\/v2\/product"}],"about":[{"href":"https:\/\/sk\u00f6nam\u00f6bler.se\/index.php?rest_route=\/wp\/v2\/types\/product"}],"wp:featuredmedia":[{"embeddable":true,"href":"https:\/\/sk\u00f6nam\u00f6bler.se\/index.php?rest_route=\/wp\/v2\/media\/9390"}],"wp:attachment":[{"href":"https:\/\/sk\u00f6nam\u00f6bler.se\/index.php?rest_route=%2Fwp%2Fv2%2Fmedia&parent=10079"}],"wp:term":[{"taxonomy":"product_brand","embeddable":true,"href":"https:\/\/sk\u00f6nam\u00f6bler.se\/index.php?rest_route=%2Fwp%2Fv2%2Fproduct_brand&post=10079"},{"taxonomy":"product_cat","embeddable":true,"href":"https:\/\/sk\u00f6nam\u00f6bler.se\/index.php?rest_route=%2Fwp%2Fv2%2Fproduct_cat&post=10079"},{"taxonomy":"product_tag","embeddable":true,"href":"https:\/\/sk\u00f6nam\u00f6bler.se\/index.php?rest_route=%2Fwp%2Fv2%2Fproduct_tag&post=10079"}],"curies":[{"name":"wp","href":"https:\/\/api.w.org\/{rel}","templated":true}]}}