{"id":10081,"date":"2025-12-08T11:14:38","date_gmt":"2025-12-08T10:14:38","guid":{"rendered":"https:\/\/sk\u00f6nam\u00f6bler.se\/?product=torsby"},"modified":"2025-12-08T11:14:39","modified_gmt":"2025-12-08T10:14:39","slug":"torsby","status":"publish","type":"product","link":"https:\/\/sk\u00f6nam\u00f6bler.se\/?product=torsby","title":{"rendered":"Torsby"},"content":{"rendered":"<p>M\u00e5tt:\u00a0120x60x52 cm<\/p>\n<p>Material:\u00a0Massiv vitoljad ek<\/p>\n<p>Soffbord<\/p>\n","protected":false},"excerpt":{"rendered":"<p>Retroinspererat soffbord i vitoljad massiv ek, den utdragbara l\u00e5dan g\u00f6r det smidigt att ha saker n\u00e4ra till hands utan att det ligger framme.<\/p>\n","protected":false},"featured_media":9394,"template":"","meta":{"_acf_changed":false,"pgc_sgb_lightbox_settings":""},"product_brand":[],"product_cat":[51,55],"product_tag":[],"class_list":{"0":"post-10081","1":"product","2":"type-product","3":"status-publish","4":"has-post-thumbnail","6":"product_cat-soffbord","7":"product_cat-varor","8":"product_shipping_class-dropshipping","9":"pa_antalet-paket-1950","10":"pa_material-massiv-vitoljad-ek","11":"pa_matt-120x60x52-cm","12":"pa_modell-torsby","14":"first","15":"instock","16":"purchasable","17":"product-type-simple"},"acf":[],"_links":{"self":[{"href":"https:\/\/sk\u00f6nam\u00f6bler.se\/index.php?rest_route=\/wp\/v2\/product\/10081","targetHints":{"allow":["GET"]}}],"collection":[{"href":"https:\/\/sk\u00f6nam\u00f6bler.se\/index.php?rest_route=\/wp\/v2\/product"}],"about":[{"href":"https:\/\/sk\u00f6nam\u00f6bler.se\/index.php?rest_route=\/wp\/v2\/types\/product"}],"wp:featuredmedia":[{"embeddable":true,"href":"https:\/\/sk\u00f6nam\u00f6bler.se\/index.php?rest_route=\/wp\/v2\/media\/9394"}],"wp:attachment":[{"href":"https:\/\/sk\u00f6nam\u00f6bler.se\/index.php?rest_route=%2Fwp%2Fv2%2Fmedia&parent=10081"}],"wp:term":[{"taxonomy":"product_brand","embeddable":true,"href":"https:\/\/sk\u00f6nam\u00f6bler.se\/index.php?rest_route=%2Fwp%2Fv2%2Fproduct_brand&post=10081"},{"taxonomy":"product_cat","embeddable":true,"href":"https:\/\/sk\u00f6nam\u00f6bler.se\/index.php?rest_route=%2Fwp%2Fv2%2Fproduct_cat&post=10081"},{"taxonomy":"product_tag","embeddable":true,"href":"https:\/\/sk\u00f6nam\u00f6bler.se\/index.php?rest_route=%2Fwp%2Fv2%2Fproduct_tag&post=10081"}],"curies":[{"name":"wp","href":"https:\/\/api.w.org\/{rel}","templated":true}]}}