{"id":5318,"date":"2025-12-09T19:15:01","date_gmt":"2025-12-09T18:15:01","guid":{"rendered":"https:\/\/sk\u00f6nam\u00f6bler.se\/?product=freddy-2"},"modified":"2025-12-09T19:15:07","modified_gmt":"2025-12-09T18:15:07","slug":"freddy-2","status":"publish","type":"product","link":"https:\/\/sk\u00f6nam\u00f6bler.se\/?product=freddy-2","title":{"rendered":"FREDDY"},"content":{"rendered":"<p>M\u00e5tt:\u00a0 220x102x103<\/p>\n<p>\u00d6vrigt:\u00a0tyg mullvad.<\/p>\n<p>sitth\u00f6jd:50\/sittbredd:156\/sittdjup:56 cm<\/p>\n<p>Notering:\u00a0Fabric \/ foam \/pocket\/ frame<br \/>\nTyg: 55000 MD<br \/>\nPkt m\u00e5tt 87 x 215 x 76<br \/>\nF\u00f6r tr\u00e5dl\u00f6s laddning,l\u00e4s p\u00e5 er mobils instruktion f\u00f6r tr\u00e5dl\u00f6s laddning !<br \/>\nBlinkande bl\u00e5 laddare = ej kontakt med mobil, fast bl\u00e5 sken p\u00e5 laddplatta kontakt\/laddning .<br \/>\nInga skal skydd el dyl p\u00e5 mobil vid laddning .<br \/>\nKan ej garantera alla mobilers tr\u00e5dl\u00f6sa laddning funkar .<\/p>\n","protected":false},"excerpt":{"rendered":"<p>FREDDY Reclinersoffa 3 sits, el<\/p>\n","protected":false},"featured_media":7935,"template":"","meta":{"_acf_changed":false,"pgc_sgb_lightbox_settings":""},"product_brand":[],"product_cat":[37,55],"product_tag":[],"class_list":{"0":"post-5318","1":"product","2":"type-product","3":"status-publish","4":"has-post-thumbnail","6":"product_cat-soffor","7":"product_cat-varor","8":"product_shipping_class-butikshamtning","9":"pa_antalet-paket-1950","10":"pa_djup-786","11":"pa_hojd-529","12":"pa_langd-789","13":"pa_modell-freddy","14":"pa_monterad-eller-ej-mont","16":"first","17":"instock","18":"purchasable","19":"product-type-simple"},"acf":[],"_links":{"self":[{"href":"https:\/\/sk\u00f6nam\u00f6bler.se\/index.php?rest_route=\/wp\/v2\/product\/5318","targetHints":{"allow":["GET"]}}],"collection":[{"href":"https:\/\/sk\u00f6nam\u00f6bler.se\/index.php?rest_route=\/wp\/v2\/product"}],"about":[{"href":"https:\/\/sk\u00f6nam\u00f6bler.se\/index.php?rest_route=\/wp\/v2\/types\/product"}],"wp:featuredmedia":[{"embeddable":true,"href":"https:\/\/sk\u00f6nam\u00f6bler.se\/index.php?rest_route=\/wp\/v2\/media\/7935"}],"wp:attachment":[{"href":"https:\/\/sk\u00f6nam\u00f6bler.se\/index.php?rest_route=%2Fwp%2Fv2%2Fmedia&parent=5318"}],"wp:term":[{"taxonomy":"product_brand","embeddable":true,"href":"https:\/\/sk\u00f6nam\u00f6bler.se\/index.php?rest_route=%2Fwp%2Fv2%2Fproduct_brand&post=5318"},{"taxonomy":"product_cat","embeddable":true,"href":"https:\/\/sk\u00f6nam\u00f6bler.se\/index.php?rest_route=%2Fwp%2Fv2%2Fproduct_cat&post=5318"},{"taxonomy":"product_tag","embeddable":true,"href":"https:\/\/sk\u00f6nam\u00f6bler.se\/index.php?rest_route=%2Fwp%2Fv2%2Fproduct_tag&post=5318"}],"curies":[{"name":"wp","href":"https:\/\/api.w.org\/{rel}","templated":true}]}}