{"id":6174,"date":"2025-12-09T11:35:50","date_gmt":"2025-12-09T10:35:50","guid":{"rendered":"https:\/\/sk\u00f6nam\u00f6bler.se\/?product=frasse-10"},"modified":"2025-12-09T11:35:59","modified_gmt":"2025-12-09T10:35:59","slug":"frasse-2","status":"publish","type":"product","link":"https:\/\/sk\u00f6nam\u00f6bler.se\/?product=frasse-2","title":{"rendered":"FRASSE"},"content":{"rendered":"<p>Bredd 75<\/p>\n<p>Djup\u00a091<\/p>\n<p>H\u00f6jd\u00a0103<\/p>\n<p>Funktion och material\u00a0 manuell<\/p>\n<p>sittbredd 52 ,sittdjup 52 , sitth\u00f6jd 50<\/p>\n<p>\u00d6vrigt Ryggh\u00f6jd 64 cm\/ H\u00f6jd fr\u00e5n golv upp till armst\u00f6d 64 cm.<\/p>\n<p>165,00<\/p>\n","protected":false},"excerpt":{"rendered":"<p>FRASSE Reclinerf\u00e5t\u00f6lj, tyg chokladbrun<\/p>\n","protected":false},"featured_media":7655,"template":"","meta":{"_acf_changed":false,"pgc_sgb_lightbox_settings":""},"product_brand":[],"product_cat":[57,55],"product_tag":[],"class_list":{"0":"post-6174","1":"product","2":"type-product","3":"status-publish","4":"has-post-thumbnail","6":"product_cat-fatoljer","7":"product_cat-varor","8":"product_shipping_class-butikshamtning","9":"pa_antalet-paket-1950","10":"pa_bredd-145","11":"pa_djup-553","12":"pa_hojd-529","13":"pa_info-manuell","14":"pa_info-2-sittbredd-52-sittdjup-52-sitthojd-50","15":"pa_modell-frasse","16":"pa_monterad-eller-ej-omont","18":"first","19":"instock","20":"purchasable","21":"product-type-simple"},"acf":[],"_links":{"self":[{"href":"https:\/\/sk\u00f6nam\u00f6bler.se\/index.php?rest_route=\/wp\/v2\/product\/6174","targetHints":{"allow":["GET"]}}],"collection":[{"href":"https:\/\/sk\u00f6nam\u00f6bler.se\/index.php?rest_route=\/wp\/v2\/product"}],"about":[{"href":"https:\/\/sk\u00f6nam\u00f6bler.se\/index.php?rest_route=\/wp\/v2\/types\/product"}],"wp:featuredmedia":[{"embeddable":true,"href":"https:\/\/sk\u00f6nam\u00f6bler.se\/index.php?rest_route=\/wp\/v2\/media\/7655"}],"wp:attachment":[{"href":"https:\/\/sk\u00f6nam\u00f6bler.se\/index.php?rest_route=%2Fwp%2Fv2%2Fmedia&parent=6174"}],"wp:term":[{"taxonomy":"product_brand","embeddable":true,"href":"https:\/\/sk\u00f6nam\u00f6bler.se\/index.php?rest_route=%2Fwp%2Fv2%2Fproduct_brand&post=6174"},{"taxonomy":"product_cat","embeddable":true,"href":"https:\/\/sk\u00f6nam\u00f6bler.se\/index.php?rest_route=%2Fwp%2Fv2%2Fproduct_cat&post=6174"},{"taxonomy":"product_tag","embeddable":true,"href":"https:\/\/sk\u00f6nam\u00f6bler.se\/index.php?rest_route=%2Fwp%2Fv2%2Fproduct_tag&post=6174"}],"curies":[{"name":"wp","href":"https:\/\/api.w.org\/{rel}","templated":true}]}}