{"id":6175,"date":"2025-12-09T11:35:50","date_gmt":"2025-12-09T10:35:50","guid":{"rendered":"https:\/\/sk\u00f6nam\u00f6bler.se\/?product=frasse-11"},"modified":"2025-12-09T11:36:01","modified_gmt":"2025-12-09T10:36:01","slug":"frasse-3","status":"publish","type":"product","link":"https:\/\/sk\u00f6nam\u00f6bler.se\/?product=frasse-3","title":{"rendered":"FRASSE"},"content":{"rendered":"<p>Bredd 75<\/p>\n<p>Djup\u00a091<\/p>\n<p>H\u00f6jd\u00a0103<\/p>\n<p>Funktion och material\u00a0 manuell<\/p>\n<p>sittbredd 52 ,sittdjup 52 , sitth\u00f6jd 50<\/p>\n<p>\u00d6vrigt <\/p>\n","protected":false},"excerpt":{"rendered":"<p>FRASSE Reclinerf\u00e5t\u00f6lj, tyg gr\u00e5brun<\/p>\n","protected":false},"featured_media":7660,"template":"","meta":{"_acf_changed":false,"pgc_sgb_lightbox_settings":""},"product_brand":[],"product_cat":[57,55],"product_tag":[],"class_list":{"0":"post-6175","1":"product","2":"type-product","3":"status-publish","4":"has-post-thumbnail","6":"product_cat-fatoljer","7":"product_cat-varor","8":"product_shipping_class-butikshamtning","9":"pa_antalet-paket-1950","10":"pa_bredd-145","11":"pa_djup-553","12":"pa_hojd-529","13":"pa_info-manuell","14":"pa_info-2-sittbredd-52-sittdjup-52-sitthojd-50","15":"pa_modell-frasse","16":"pa_monterad-eller-ej-omont","18":"first","19":"instock","20":"purchasable","21":"product-type-simple"},"acf":[],"_links":{"self":[{"href":"https:\/\/sk\u00f6nam\u00f6bler.se\/index.php?rest_route=\/wp\/v2\/product\/6175","targetHints":{"allow":["GET"]}}],"collection":[{"href":"https:\/\/sk\u00f6nam\u00f6bler.se\/index.php?rest_route=\/wp\/v2\/product"}],"about":[{"href":"https:\/\/sk\u00f6nam\u00f6bler.se\/index.php?rest_route=\/wp\/v2\/types\/product"}],"wp:featuredmedia":[{"embeddable":true,"href":"https:\/\/sk\u00f6nam\u00f6bler.se\/index.php?rest_route=\/wp\/v2\/media\/7660"}],"wp:attachment":[{"href":"https:\/\/sk\u00f6nam\u00f6bler.se\/index.php?rest_route=%2Fwp%2Fv2%2Fmedia&parent=6175"}],"wp:term":[{"taxonomy":"product_brand","embeddable":true,"href":"https:\/\/sk\u00f6nam\u00f6bler.se\/index.php?rest_route=%2Fwp%2Fv2%2Fproduct_brand&post=6175"},{"taxonomy":"product_cat","embeddable":true,"href":"https:\/\/sk\u00f6nam\u00f6bler.se\/index.php?rest_route=%2Fwp%2Fv2%2Fproduct_cat&post=6175"},{"taxonomy":"product_tag","embeddable":true,"href":"https:\/\/sk\u00f6nam\u00f6bler.se\/index.php?rest_route=%2Fwp%2Fv2%2Fproduct_tag&post=6175"}],"curies":[{"name":"wp","href":"https:\/\/api.w.org\/{rel}","templated":true}]}}