{"id":8752,"date":"2025-12-09T11:34:45","date_gmt":"2025-12-09T10:34:45","guid":{"rendered":"https:\/\/sk\u00f6nam\u00f6bler.se\/?product=falcon-5"},"modified":"2025-12-09T11:35:00","modified_gmt":"2025-12-09T10:35:00","slug":"falcon-5","status":"publish","type":"product","link":"https:\/\/sk\u00f6nam\u00f6bler.se\/?product=falcon-5","title":{"rendered":"FALCON"},"content":{"rendered":"<p>Bredd 84<\/p>\n<p>Djup\u00a091<\/p>\n<p>H\u00f6jd\u00a0101<\/p>\n<p>Funktion och material\u00a0 svart ek, svart metallunderrede, snurr<\/p>\n<p>skinn sl 201 black<\/p>\n<p>\u00d6vrigt Sittbredd:45  Sittdjup:50  Ryggh\u00f6jd:78 cm Sitth\u00f6jd 45 cm<br \/>\nMonteringsvideo: https:\/\/www.youtube.com\/watch?v=gcNcSmza5mU<br \/>\nFormgjuten kallskum.Justerbart nackst\u00f6d.Justerbar rygg med l\u00e5sfunktion<br \/>\nSv\u00e4ngfunktion med autoretur som tar dig tillbaka till startpunkten.<\/p>\n","protected":false},"excerpt":{"rendered":"<p>FALCON Hellegjerde f\u00e5t\u00f6lj skinn SL svart<\/p>\n","protected":false},"featured_media":7619,"template":"","meta":{"_acf_changed":false,"pgc_sgb_lightbox_settings":""},"product_brand":[],"product_cat":[57,55],"product_tag":[],"class_list":{"0":"post-8752","1":"product","2":"type-product","3":"status-publish","4":"has-post-thumbnail","6":"product_cat-fatoljer","7":"product_cat-varor","8":"product_shipping_class-butikshamtning","9":"pa_antalet-paket-1950","10":"pa_bredd-429","11":"pa_djup-553","12":"pa_hojd-554","13":"pa_info-svart-ek-svart-metallunderrede-snurr","14":"pa_info-2-skinn-sl-201-black","15":"pa_modell-falcon","16":"pa_monterad-eller-ej-omont","18":"first","19":"instock","20":"purchasable","21":"product-type-simple"},"acf":[],"_links":{"self":[{"href":"https:\/\/sk\u00f6nam\u00f6bler.se\/index.php?rest_route=\/wp\/v2\/product\/8752","targetHints":{"allow":["GET"]}}],"collection":[{"href":"https:\/\/sk\u00f6nam\u00f6bler.se\/index.php?rest_route=\/wp\/v2\/product"}],"about":[{"href":"https:\/\/sk\u00f6nam\u00f6bler.se\/index.php?rest_route=\/wp\/v2\/types\/product"}],"wp:featuredmedia":[{"embeddable":true,"href":"https:\/\/sk\u00f6nam\u00f6bler.se\/index.php?rest_route=\/wp\/v2\/media\/7619"}],"wp:attachment":[{"href":"https:\/\/sk\u00f6nam\u00f6bler.se\/index.php?rest_route=%2Fwp%2Fv2%2Fmedia&parent=8752"}],"wp:term":[{"taxonomy":"product_brand","embeddable":true,"href":"https:\/\/sk\u00f6nam\u00f6bler.se\/index.php?rest_route=%2Fwp%2Fv2%2Fproduct_brand&post=8752"},{"taxonomy":"product_cat","embeddable":true,"href":"https:\/\/sk\u00f6nam\u00f6bler.se\/index.php?rest_route=%2Fwp%2Fv2%2Fproduct_cat&post=8752"},{"taxonomy":"product_tag","embeddable":true,"href":"https:\/\/sk\u00f6nam\u00f6bler.se\/index.php?rest_route=%2Fwp%2Fv2%2Fproduct_tag&post=8752"}],"curies":[{"name":"wp","href":"https:\/\/api.w.org\/{rel}","templated":true}]}}