{"id":8766,"date":"2025-12-09T11:35:50","date_gmt":"2025-12-09T10:35:50","guid":{"rendered":"https:\/\/sk\u00f6nam\u00f6bler.se\/?product=geneve-2"},"modified":"2025-12-09T11:36:07","modified_gmt":"2025-12-09T10:36:07","slug":"geneve-2","status":"publish","type":"product","link":"https:\/\/sk\u00f6nam\u00f6bler.se\/?product=geneve-2","title":{"rendered":"GENEVE"},"content":{"rendered":"<p>Bredd 79,5<\/p>\n<p>Djup\u00a076<\/p>\n<p>H\u00f6jd\u00a085<\/p>\n<p>Funktion och material\u00a0 sitth\u00f6jd:41\/sittbredd:41\/sittdjup:50 cm<\/p>\n<p>textiltyg uf998-12<\/p>\n<p>\u00d6vrigt Sitth\u00f6jd:41\/Sittbredd:41\/Sittdjup:50 cm<br \/>\nArmst\u00f6dsh\u00f6jd fr\u00e5n golv 69 cm<br \/>\n30000 MD\/ 100 % polyester<br \/>\nMontering fr\u00e5n 2025<\/p>\n","protected":false},"excerpt":{"rendered":"<p>GENEVE F\u00e5t\u00f6lj i gr\u00f6nt tyg<\/p>\n","protected":false},"featured_media":7674,"template":"","meta":{"_acf_changed":false,"pgc_sgb_lightbox_settings":""},"product_brand":[],"product_cat":[57,55],"product_tag":[],"class_list":{"0":"post-8766","1":"product","2":"type-product","3":"status-publish","4":"has-post-thumbnail","6":"product_cat-fatoljer","7":"product_cat-varor","8":"product_shipping_class-butikshamtning","9":"pa_antalet-paket-1950","10":"pa_bredd-2595","11":"pa_djup-1060","12":"pa_hojd-462","13":"pa_info-sitthojd41-sittbredd41-sittdjup50-cm","14":"pa_info-2-textiltyg-uf998-12","15":"pa_modell-geneve","16":"pa_monterad-eller-ej-omont","18":"first","19":"instock","20":"purchasable","21":"product-type-simple"},"acf":[],"_links":{"self":[{"href":"https:\/\/sk\u00f6nam\u00f6bler.se\/index.php?rest_route=\/wp\/v2\/product\/8766","targetHints":{"allow":["GET"]}}],"collection":[{"href":"https:\/\/sk\u00f6nam\u00f6bler.se\/index.php?rest_route=\/wp\/v2\/product"}],"about":[{"href":"https:\/\/sk\u00f6nam\u00f6bler.se\/index.php?rest_route=\/wp\/v2\/types\/product"}],"wp:featuredmedia":[{"embeddable":true,"href":"https:\/\/sk\u00f6nam\u00f6bler.se\/index.php?rest_route=\/wp\/v2\/media\/7674"}],"wp:attachment":[{"href":"https:\/\/sk\u00f6nam\u00f6bler.se\/index.php?rest_route=%2Fwp%2Fv2%2Fmedia&parent=8766"}],"wp:term":[{"taxonomy":"product_brand","embeddable":true,"href":"https:\/\/sk\u00f6nam\u00f6bler.se\/index.php?rest_route=%2Fwp%2Fv2%2Fproduct_brand&post=8766"},{"taxonomy":"product_cat","embeddable":true,"href":"https:\/\/sk\u00f6nam\u00f6bler.se\/index.php?rest_route=%2Fwp%2Fv2%2Fproduct_cat&post=8766"},{"taxonomy":"product_tag","embeddable":true,"href":"https:\/\/sk\u00f6nam\u00f6bler.se\/index.php?rest_route=%2Fwp%2Fv2%2Fproduct_tag&post=8766"}],"curies":[{"name":"wp","href":"https:\/\/api.w.org\/{rel}","templated":true}]}}