{"id":8767,"date":"2025-12-09T11:35:50","date_gmt":"2025-12-09T10:35:50","guid":{"rendered":"https:\/\/sk\u00f6nam\u00f6bler.se\/?product=king"},"modified":"2025-12-09T11:36:09","modified_gmt":"2025-12-09T10:36:09","slug":"king","status":"publish","type":"product","link":"https:\/\/sk\u00f6nam\u00f6bler.se\/?product=king","title":{"rendered":"KING"},"content":{"rendered":"<p>Bredd 79<\/p>\n<p>Djup\u00a090<\/p>\n<p>H\u00f6jd\u00a0101<\/p>\n<p>Funktion och material\u00a0 snurr, gung, reglerbart nackst\u00f6d<\/p>\n<p>sitth\u00f6jd:47,5 cm. 100 000 md<\/p>\n<p>\u00d6vrigt Sitth\u00f6jd:48\/Sittdjup:23\/Sittbredd:51 cm<br \/>\nRyggh\u00f6jd: 71 cm. Armst\u00f6d fr\u00e5n sits o upp:17 cm.<br \/>\nBen\/underst\u00e4ll:svart Mdf. Ram:Gummitr\u00e4. Formgjuten kallskum.<br \/>\nMaxvikt 125 kg<br \/>\nTyg Guard 100 % Polyester\/100 000 MD\/Pilling:4\/Light fastness:4<\/p>\n<p>Pkt m\u00e5tt<br \/>\nd86 b77 h65<\/p>\n","protected":false},"excerpt":{"rendered":"<p>KING Hjellegjerde recliner, tyg taupe<\/p>\n","protected":false},"featured_media":7679,"template":"","meta":{"_acf_changed":false,"pgc_sgb_lightbox_settings":""},"product_brand":[],"product_cat":[57,55],"product_tag":[],"class_list":{"0":"post-8767","1":"product","2":"type-product","3":"status-publish","4":"has-post-thumbnail","6":"product_cat-fatoljer","7":"product_cat-varor","8":"product_shipping_class-butikshamtning","9":"pa_antalet-paket-1950","10":"pa_bredd-2596","11":"pa_djup-500","12":"pa_hojd-554","13":"pa_info-snurr-gung-reglerbart-nackstod","14":"pa_info-2-sitthojd475-cm-100-000-md","15":"pa_modell-king","16":"pa_monterad-eller-ej-mont","18":"first","19":"instock","20":"purchasable","21":"product-type-simple"},"acf":[],"_links":{"self":[{"href":"https:\/\/sk\u00f6nam\u00f6bler.se\/index.php?rest_route=\/wp\/v2\/product\/8767","targetHints":{"allow":["GET"]}}],"collection":[{"href":"https:\/\/sk\u00f6nam\u00f6bler.se\/index.php?rest_route=\/wp\/v2\/product"}],"about":[{"href":"https:\/\/sk\u00f6nam\u00f6bler.se\/index.php?rest_route=\/wp\/v2\/types\/product"}],"wp:featuredmedia":[{"embeddable":true,"href":"https:\/\/sk\u00f6nam\u00f6bler.se\/index.php?rest_route=\/wp\/v2\/media\/7679"}],"wp:attachment":[{"href":"https:\/\/sk\u00f6nam\u00f6bler.se\/index.php?rest_route=%2Fwp%2Fv2%2Fmedia&parent=8767"}],"wp:term":[{"taxonomy":"product_brand","embeddable":true,"href":"https:\/\/sk\u00f6nam\u00f6bler.se\/index.php?rest_route=%2Fwp%2Fv2%2Fproduct_brand&post=8767"},{"taxonomy":"product_cat","embeddable":true,"href":"https:\/\/sk\u00f6nam\u00f6bler.se\/index.php?rest_route=%2Fwp%2Fv2%2Fproduct_cat&post=8767"},{"taxonomy":"product_tag","embeddable":true,"href":"https:\/\/sk\u00f6nam\u00f6bler.se\/index.php?rest_route=%2Fwp%2Fv2%2Fproduct_tag&post=8767"}],"curies":[{"name":"wp","href":"https:\/\/api.w.org\/{rel}","templated":true}]}}