{"id":8769,"date":"2025-12-09T11:35:50","date_gmt":"2025-12-09T10:35:50","guid":{"rendered":"https:\/\/sk\u00f6nam\u00f6bler.se\/?product=linnea"},"modified":"2025-12-09T11:36:17","modified_gmt":"2025-12-09T10:36:17","slug":"linnea","status":"publish","type":"product","link":"https:\/\/sk\u00f6nam\u00f6bler.se\/?product=linnea","title":{"rendered":"LINNEA"},"content":{"rendered":"<p>Bredd 76<\/p>\n<p>Djup\u00a085<\/p>\n<p>H\u00f6jd\u00a0103<\/p>\n<p>Funktion och material\u00a0 tr\u00e4ben, inkl 1 kudde<\/p>\n<p>sitth\u00f6jd:50\/sittbredd:56\/sittdjup:56 cm<\/p>\n<p>\u00d6vrigt 40000 MD\/100 % polyester<br \/>\nArmst\u00f6dsh\u00f6jd fr\u00e5n golv 61 cm<\/p>\n","protected":false},"excerpt":{"rendered":"<p>LINNEA F\u00e5t\u00f6lj i tyg boucle Biscuit<\/p>\n","protected":false},"featured_media":7684,"template":"","meta":{"_acf_changed":false,"pgc_sgb_lightbox_settings":""},"product_brand":[],"product_cat":[57,55],"product_tag":[],"class_list":{"0":"post-8769","1":"product","2":"type-product","3":"status-publish","4":"has-post-thumbnail","6":"product_cat-fatoljer","7":"product_cat-varor","8":"product_shipping_class-butikshamtning","9":"pa_antalet-paket-1950","10":"pa_bredd-2597","11":"pa_djup-246","12":"pa_hojd-529","13":"pa_info-traben-inkl-1-kudde","14":"pa_info-2-sitthojd50-sittbredd56-sittdjup56-cm","15":"pa_modell-linnea","16":"pa_monterad-eller-ej-omont","18":"first","19":"instock","20":"purchasable","21":"product-type-simple"},"acf":[],"_links":{"self":[{"href":"https:\/\/sk\u00f6nam\u00f6bler.se\/index.php?rest_route=\/wp\/v2\/product\/8769","targetHints":{"allow":["GET"]}}],"collection":[{"href":"https:\/\/sk\u00f6nam\u00f6bler.se\/index.php?rest_route=\/wp\/v2\/product"}],"about":[{"href":"https:\/\/sk\u00f6nam\u00f6bler.se\/index.php?rest_route=\/wp\/v2\/types\/product"}],"wp:featuredmedia":[{"embeddable":true,"href":"https:\/\/sk\u00f6nam\u00f6bler.se\/index.php?rest_route=\/wp\/v2\/media\/7684"}],"wp:attachment":[{"href":"https:\/\/sk\u00f6nam\u00f6bler.se\/index.php?rest_route=%2Fwp%2Fv2%2Fmedia&parent=8769"}],"wp:term":[{"taxonomy":"product_brand","embeddable":true,"href":"https:\/\/sk\u00f6nam\u00f6bler.se\/index.php?rest_route=%2Fwp%2Fv2%2Fproduct_brand&post=8769"},{"taxonomy":"product_cat","embeddable":true,"href":"https:\/\/sk\u00f6nam\u00f6bler.se\/index.php?rest_route=%2Fwp%2Fv2%2Fproduct_cat&post=8769"},{"taxonomy":"product_tag","embeddable":true,"href":"https:\/\/sk\u00f6nam\u00f6bler.se\/index.php?rest_route=%2Fwp%2Fv2%2Fproduct_tag&post=8769"}],"curies":[{"name":"wp","href":"https:\/\/api.w.org\/{rel}","templated":true}]}}