{"id":8783,"date":"2025-12-09T11:36:30","date_gmt":"2025-12-09T10:36:30","guid":{"rendered":"https:\/\/sk\u00f6nam\u00f6bler.se\/?product=staffan"},"modified":"2025-12-09T11:36:35","modified_gmt":"2025-12-09T10:36:35","slug":"staffan-5","status":"publish","type":"product","link":"https:\/\/sk\u00f6nam\u00f6bler.se\/?product=staffan-5","title":{"rendered":"STAFFAN"},"content":{"rendered":"<p>Bredd 88<\/p>\n<p>Djup\u00a094<\/p>\n<p>H\u00f6jd\u00a0102<\/p>\n<p>Funktion och material\u00a0 manuell recliner.<\/p>\n<p>sitth\u00f6jd 48,sittdjup 55,sittbredd 49 cm<\/p>\n<p>\u00d6vrigt Plywood\/L\u00e4rktr\u00e4,pocket,Nozag i st\u00e5l,fiberfyllning,foam D32<br \/>\n30 000 MD. 100 % POLYESTER<br \/>\nH\u00f6jd till armst\u00f6d 61 cm<br \/>\nPkt m\u00e5tt L88xB77xH66 cm<\/p>\n","protected":false},"excerpt":{"rendered":"<p>STAFFAN Reclinerf\u00e5t\u00f6lj tyg brun<\/p>\n","protected":false},"featured_media":7755,"template":"","meta":{"_acf_changed":false,"pgc_sgb_lightbox_settings":""},"product_brand":[],"product_cat":[57,55],"product_tag":[],"class_list":{"0":"post-8783","1":"product","2":"type-product","3":"status-publish","4":"has-post-thumbnail","6":"product_cat-fatoljer","7":"product_cat-varor","8":"product_shipping_class-butikshamtning","9":"pa_antalet-paket-1950","10":"pa_bredd-2582","11":"pa_djup-1352","12":"pa_hojd-231","13":"pa_info-manuell-recliner","14":"pa_info-2-sitthojd-48sittdjup-55sittbredd-49-cm","15":"pa_modell-staffan","16":"pa_monterad-eller-ej-mont","18":"first","19":"instock","20":"purchasable","21":"product-type-simple"},"acf":[],"_links":{"self":[{"href":"https:\/\/sk\u00f6nam\u00f6bler.se\/index.php?rest_route=\/wp\/v2\/product\/8783","targetHints":{"allow":["GET"]}}],"collection":[{"href":"https:\/\/sk\u00f6nam\u00f6bler.se\/index.php?rest_route=\/wp\/v2\/product"}],"about":[{"href":"https:\/\/sk\u00f6nam\u00f6bler.se\/index.php?rest_route=\/wp\/v2\/types\/product"}],"wp:featuredmedia":[{"embeddable":true,"href":"https:\/\/sk\u00f6nam\u00f6bler.se\/index.php?rest_route=\/wp\/v2\/media\/7755"}],"wp:attachment":[{"href":"https:\/\/sk\u00f6nam\u00f6bler.se\/index.php?rest_route=%2Fwp%2Fv2%2Fmedia&parent=8783"}],"wp:term":[{"taxonomy":"product_brand","embeddable":true,"href":"https:\/\/sk\u00f6nam\u00f6bler.se\/index.php?rest_route=%2Fwp%2Fv2%2Fproduct_brand&post=8783"},{"taxonomy":"product_cat","embeddable":true,"href":"https:\/\/sk\u00f6nam\u00f6bler.se\/index.php?rest_route=%2Fwp%2Fv2%2Fproduct_cat&post=8783"},{"taxonomy":"product_tag","embeddable":true,"href":"https:\/\/sk\u00f6nam\u00f6bler.se\/index.php?rest_route=%2Fwp%2Fv2%2Fproduct_tag&post=8783"}],"curies":[{"name":"wp","href":"https:\/\/api.w.org\/{rel}","templated":true}]}}