{"id":8787,"date":"2025-12-09T11:36:30","date_gmt":"2025-12-09T10:36:30","guid":{"rendered":"https:\/\/sk\u00f6nam\u00f6bler.se\/?product=teddy-4"},"modified":"2025-12-09T11:36:43","modified_gmt":"2025-12-09T10:36:43","slug":"teddy-8","status":"publish","type":"product","link":"https:\/\/sk\u00f6nam\u00f6bler.se\/?product=teddy-8","title":{"rendered":"TEDDY"},"content":{"rendered":"<p>Bredd 97<\/p>\n<p>Djup\u00a099<\/p>\n<p>H\u00f6jd\u00a0105<\/p>\n<p>Funktion och material\u00a0 sith\u00f6jd:49,5\/sittdjup:57 cm\/sb 47 cm<\/p>\n<p>inkl str\u00f6mbrytare<\/p>\n<p>\u00d6vrigt 35000 MD\/100 % Polyester<br \/>\nMake up:Foam\/polyesterfiber<br \/>\nFrame:Rubber Wood&#038;Plywood<br \/>\nLegs:Plastic<br \/>\nH\u00f6jd fr\u00e5n golv till armst\u00f6d: 65 cm. Ryggh\u00f6jd: 65 cm<br \/>\nmax vikt 120 kg<\/p>\n","protected":false},"excerpt":{"rendered":"<p>TEDDY Reclinerf\u00e5t\u00f6lj, tyg, gr\u00e5,  El<\/p>\n","protected":false},"featured_media":7764,"template":"","meta":{"_acf_changed":false,"pgc_sgb_lightbox_settings":""},"product_brand":[],"product_cat":[57,55],"product_tag":[],"class_list":{"0":"post-8787","1":"product","2":"type-product","3":"status-publish","4":"has-post-thumbnail","6":"product_cat-fatoljer","7":"product_cat-varor","8":"product_shipping_class-butikshamtning","9":"pa_antalet-paket-1950","10":"pa_bredd-1975","11":"pa_djup-230","12":"pa_hojd-275","13":"pa_info-sithojd495-sittdjup57-cm-sb-47-cm","14":"pa_info-2-inkl-strombrytare","15":"pa_modell-teddy","16":"pa_monterad-eller-ej-omont","18":"first","19":"instock","20":"purchasable","21":"product-type-simple"},"acf":[],"_links":{"self":[{"href":"https:\/\/sk\u00f6nam\u00f6bler.se\/index.php?rest_route=\/wp\/v2\/product\/8787","targetHints":{"allow":["GET"]}}],"collection":[{"href":"https:\/\/sk\u00f6nam\u00f6bler.se\/index.php?rest_route=\/wp\/v2\/product"}],"about":[{"href":"https:\/\/sk\u00f6nam\u00f6bler.se\/index.php?rest_route=\/wp\/v2\/types\/product"}],"wp:featuredmedia":[{"embeddable":true,"href":"https:\/\/sk\u00f6nam\u00f6bler.se\/index.php?rest_route=\/wp\/v2\/media\/7764"}],"wp:attachment":[{"href":"https:\/\/sk\u00f6nam\u00f6bler.se\/index.php?rest_route=%2Fwp%2Fv2%2Fmedia&parent=8787"}],"wp:term":[{"taxonomy":"product_brand","embeddable":true,"href":"https:\/\/sk\u00f6nam\u00f6bler.se\/index.php?rest_route=%2Fwp%2Fv2%2Fproduct_brand&post=8787"},{"taxonomy":"product_cat","embeddable":true,"href":"https:\/\/sk\u00f6nam\u00f6bler.se\/index.php?rest_route=%2Fwp%2Fv2%2Fproduct_cat&post=8787"},{"taxonomy":"product_tag","embeddable":true,"href":"https:\/\/sk\u00f6nam\u00f6bler.se\/index.php?rest_route=%2Fwp%2Fv2%2Fproduct_tag&post=8787"}],"curies":[{"name":"wp","href":"https:\/\/api.w.org\/{rel}","templated":true}]}}