{"id":8789,"date":"2025-12-09T11:36:30","date_gmt":"2025-12-09T10:36:30","guid":{"rendered":"https:\/\/sk\u00f6nam\u00f6bler.se\/?product=texas"},"modified":"2025-12-09T11:36:45","modified_gmt":"2025-12-09T10:36:45","slug":"texas-6","status":"publish","type":"product","link":"https:\/\/sk\u00f6nam\u00f6bler.se\/?product=texas-6","title":{"rendered":"TEXAS"},"content":{"rendered":"<p>Bredd 105<\/p>\n<p>Djup\u00a086<\/p>\n<p>H\u00f6jd\u00a085<\/p>\n<p>Funktion och material\u00a0 microfiber tyg , anv\u00e4nd tygimpregnering<\/p>\n<p>\u00d6vrigt Sitth\u00f6jd:46,5\/Sittdjup 52\/Ryggh\u00f6jd 50 cm. Sittbredd:79 cm<br \/>\nPolyesterfiber i ryggdynorna ( som \u00e4r l\u00f6stagbara, kan s\u00e4ttas fast med dragkedja)<br \/>\nFoam i sits. Ben ligger i en dragkjedje f\u00f6rvaring under soffans undersp\u00e4nningstyg<\/p>\n","protected":false},"excerpt":{"rendered":"<p>TEXAS F\u00e5t\u00f6lj i cognac f\u00e4rgat tyg<\/p>\n","protected":false},"featured_media":7767,"template":"","meta":{"_acf_changed":false,"pgc_sgb_lightbox_settings":""},"product_brand":[],"product_cat":[57,55],"product_tag":[],"class_list":{"0":"post-8789","1":"product","2":"type-product","3":"status-publish","4":"has-post-thumbnail","6":"product_cat-fatoljer","7":"product_cat-varor","8":"product_shipping_class-butikshamtning","9":"pa_antalet-paket-1950","10":"pa_bredd-364","11":"pa_djup-1815","12":"pa_hojd-462","13":"pa_info-microfiber-tyg-anvand-tygimpregnering","14":"pa_modell-texas","15":"pa_monterad-eller-ej-mont","17":"first","18":"instock","19":"purchasable","20":"product-type-simple"},"acf":[],"_links":{"self":[{"href":"https:\/\/sk\u00f6nam\u00f6bler.se\/index.php?rest_route=\/wp\/v2\/product\/8789","targetHints":{"allow":["GET"]}}],"collection":[{"href":"https:\/\/sk\u00f6nam\u00f6bler.se\/index.php?rest_route=\/wp\/v2\/product"}],"about":[{"href":"https:\/\/sk\u00f6nam\u00f6bler.se\/index.php?rest_route=\/wp\/v2\/types\/product"}],"wp:featuredmedia":[{"embeddable":true,"href":"https:\/\/sk\u00f6nam\u00f6bler.se\/index.php?rest_route=\/wp\/v2\/media\/7767"}],"wp:attachment":[{"href":"https:\/\/sk\u00f6nam\u00f6bler.se\/index.php?rest_route=%2Fwp%2Fv2%2Fmedia&parent=8789"}],"wp:term":[{"taxonomy":"product_brand","embeddable":true,"href":"https:\/\/sk\u00f6nam\u00f6bler.se\/index.php?rest_route=%2Fwp%2Fv2%2Fproduct_brand&post=8789"},{"taxonomy":"product_cat","embeddable":true,"href":"https:\/\/sk\u00f6nam\u00f6bler.se\/index.php?rest_route=%2Fwp%2Fv2%2Fproduct_cat&post=8789"},{"taxonomy":"product_tag","embeddable":true,"href":"https:\/\/sk\u00f6nam\u00f6bler.se\/index.php?rest_route=%2Fwp%2Fv2%2Fproduct_tag&post=8789"}],"curies":[{"name":"wp","href":"https:\/\/api.w.org\/{rel}","templated":true}]}}