{"id":9578,"date":"2025-12-09T19:49:29","date_gmt":"2025-12-09T18:49:29","guid":{"rendered":"https:\/\/sk\u00f6nam\u00f6bler.se\/?product=staffan"},"modified":"2025-12-09T19:50:05","modified_gmt":"2025-12-09T18:50:05","slug":"staffan","status":"publish","type":"product","link":"https:\/\/sk\u00f6nam\u00f6bler.se\/?product=staffan","title":{"rendered":"STAFFAN"},"content":{"rendered":"<p>M\u00e5tt:\u00a0198x94x102<\/p>\n<p>\u00d6vrigt:\u00a0manuell recliner.<\/p>\n<p>sitth\u00f6jd 48,sittdjup 55,sittbredd 162 cm<\/p>\n<p>Notering:\u00a0Plywood\/L\u00e4rktr\u00e4,pocket,Nozag i st\u00e5l,fiberfyllning,foam D32<br \/>\n30 000 MD  100 % POLYESTER<br \/>\nH\u00f6jd till armst\u00f6d 61 cm<br \/>\nPkt m\u00e5tt L199xB77XH66 cm<\/p>\n","protected":false},"excerpt":{"rendered":"<p>STAFFAN Reclinersoffa 3 sits tyg gr\u00e5<\/p>\n","protected":false},"featured_media":8013,"template":"","meta":{"_acf_changed":false,"pgc_sgb_lightbox_settings":""},"product_brand":[],"product_cat":[37,55],"product_tag":[],"class_list":{"0":"post-9578","1":"product","2":"type-product","3":"status-publish","4":"has-post-thumbnail","6":"product_cat-soffor","7":"product_cat-varor","8":"product_shipping_class-butikshamtning","9":"pa_antalet-paket-1950","10":"pa_djup-1352","11":"pa_hojd-231","12":"pa_info-manuell-recliner","13":"pa_info1-sitthojd-48sittdjup-55sittbredd-162-cm","14":"pa_langd-198","15":"pa_modell-staffan","16":"pa_monterad-eller-ej-mont","18":"first","19":"instock","20":"purchasable","21":"product-type-simple"},"acf":[],"_links":{"self":[{"href":"https:\/\/sk\u00f6nam\u00f6bler.se\/index.php?rest_route=\/wp\/v2\/product\/9578","targetHints":{"allow":["GET"]}}],"collection":[{"href":"https:\/\/sk\u00f6nam\u00f6bler.se\/index.php?rest_route=\/wp\/v2\/product"}],"about":[{"href":"https:\/\/sk\u00f6nam\u00f6bler.se\/index.php?rest_route=\/wp\/v2\/types\/product"}],"wp:featuredmedia":[{"embeddable":true,"href":"https:\/\/sk\u00f6nam\u00f6bler.se\/index.php?rest_route=\/wp\/v2\/media\/8013"}],"wp:attachment":[{"href":"https:\/\/sk\u00f6nam\u00f6bler.se\/index.php?rest_route=%2Fwp%2Fv2%2Fmedia&parent=9578"}],"wp:term":[{"taxonomy":"product_brand","embeddable":true,"href":"https:\/\/sk\u00f6nam\u00f6bler.se\/index.php?rest_route=%2Fwp%2Fv2%2Fproduct_brand&post=9578"},{"taxonomy":"product_cat","embeddable":true,"href":"https:\/\/sk\u00f6nam\u00f6bler.se\/index.php?rest_route=%2Fwp%2Fv2%2Fproduct_cat&post=9578"},{"taxonomy":"product_tag","embeddable":true,"href":"https:\/\/sk\u00f6nam\u00f6bler.se\/index.php?rest_route=%2Fwp%2Fv2%2Fproduct_tag&post=9578"}],"curies":[{"name":"wp","href":"https:\/\/api.w.org\/{rel}","templated":true}]}}