{"id":9585,"date":"2025-12-09T19:50:25","date_gmt":"2025-12-09T18:50:25","guid":{"rendered":"https:\/\/sk\u00f6nam\u00f6bler.se\/?product=teddy-4"},"modified":"2025-12-09T19:50:34","modified_gmt":"2025-12-09T18:50:34","slug":"teddy-4","status":"publish","type":"product","link":"https:\/\/sk\u00f6nam\u00f6bler.se\/?product=teddy-4","title":{"rendered":"TEDDY"},"content":{"rendered":"<p>M\u00e5tt:\u00a0156x99x105<\/p>\n<p>\u00d6vrigt:\u00a0sith\u00f6jd:49\/sittdjup:57\/sb: 105 cm<\/p>\n<p>inkl str\u00f6mbrytare<\/p>\n<p>Notering:\u00a035000 MD\/100 % Polyester<br \/>\nMake up:Foam\/polyesterfiber<br \/>\nFrame:Rubber Wood&#038;Plywood<br \/>\nLegs:Plastic<br \/>\nH\u00f6jd fr\u00e5n golv till armst\u00f6d: 65 cm. Ryggh\u00f6jd: 65 cm<br \/>\nMx vikt 120 kg<\/p>\n","protected":false},"excerpt":{"rendered":"<p>TEDDY Reclinersoffa 2 sits,tyg, gr\u00e5, El<\/p>\n","protected":false},"featured_media":8028,"template":"","meta":{"_acf_changed":false,"pgc_sgb_lightbox_settings":""},"product_brand":[],"product_cat":[37,55],"product_tag":[],"class_list":{"0":"post-9585","1":"product","2":"type-product","3":"status-publish","4":"has-post-thumbnail","6":"product_cat-soffor","7":"product_cat-varor","8":"product_shipping_class-butikshamtning","9":"pa_antalet-paket-1950","10":"pa_djup-230","11":"pa_hojd-275","12":"pa_info-sithojd49-sittdjup57-sb-105-cm","13":"pa_info1-inkl-strombrytare","14":"pa_langd-1803","15":"pa_modell-teddy","16":"pa_monterad-eller-ej-omont","18":"first","19":"instock","20":"purchasable","21":"product-type-simple"},"acf":[],"_links":{"self":[{"href":"https:\/\/sk\u00f6nam\u00f6bler.se\/index.php?rest_route=\/wp\/v2\/product\/9585","targetHints":{"allow":["GET"]}}],"collection":[{"href":"https:\/\/sk\u00f6nam\u00f6bler.se\/index.php?rest_route=\/wp\/v2\/product"}],"about":[{"href":"https:\/\/sk\u00f6nam\u00f6bler.se\/index.php?rest_route=\/wp\/v2\/types\/product"}],"wp:featuredmedia":[{"embeddable":true,"href":"https:\/\/sk\u00f6nam\u00f6bler.se\/index.php?rest_route=\/wp\/v2\/media\/8028"}],"wp:attachment":[{"href":"https:\/\/sk\u00f6nam\u00f6bler.se\/index.php?rest_route=%2Fwp%2Fv2%2Fmedia&parent=9585"}],"wp:term":[{"taxonomy":"product_brand","embeddable":true,"href":"https:\/\/sk\u00f6nam\u00f6bler.se\/index.php?rest_route=%2Fwp%2Fv2%2Fproduct_brand&post=9585"},{"taxonomy":"product_cat","embeddable":true,"href":"https:\/\/sk\u00f6nam\u00f6bler.se\/index.php?rest_route=%2Fwp%2Fv2%2Fproduct_cat&post=9585"},{"taxonomy":"product_tag","embeddable":true,"href":"https:\/\/sk\u00f6nam\u00f6bler.se\/index.php?rest_route=%2Fwp%2Fv2%2Fproduct_tag&post=9585"}],"curies":[{"name":"wp","href":"https:\/\/api.w.org\/{rel}","templated":true}]}}