{"id":9587,"date":"2025-12-09T19:50:25","date_gmt":"2025-12-09T18:50:25","guid":{"rendered":"https:\/\/sk\u00f6nam\u00f6bler.se\/?product=teddy-6"},"modified":"2025-12-09T19:50:36","modified_gmt":"2025-12-09T18:50:36","slug":"teddy-6","status":"publish","type":"product","link":"https:\/\/sk\u00f6nam\u00f6bler.se\/?product=teddy-6","title":{"rendered":"TEDDY"},"content":{"rendered":"<p>M\u00e5tt:\u00a0215x99x105<\/p>\n<p>\u00d6vrigt:\u00a0drop down bord, tr\u00e5dl\u00f6s laddning.sb 165<\/p>\n<p>sith\u00f6jd:49\/sittdjup:57.inkl str\u00f6mbryt.el<\/p>\n<p>Notering:\u00a03000 MD\/100 % Polyester<br \/>\nF\u00f6r tr\u00e5dl\u00f6s laddning,l\u00e4s p\u00e5 er mobils instruktion f\u00f6r tr\u00e5dl\u00f6s laddning !<br \/>\nBlinkande bl\u00e5 laddare= ej kontakt med mobil, fast bl\u00e5 sken p\u00e5 laddplatta kontakt\/laddning .<br \/>\nInga skal skydd el dyl  p\u00e5 mobil vid laddning .<br \/>\nKan ej garantera alla mobilers tr\u00e5dl\u00f6sa laddning funkar .<\/p>\n","protected":false},"excerpt":{"rendered":"<p>TEDDY Reclinersoffa 3  sits,tyg,brungr\u00e5<\/p>\n","protected":false},"featured_media":8038,"template":"","meta":{"_acf_changed":false,"pgc_sgb_lightbox_settings":""},"product_brand":[],"product_cat":[37,55],"product_tag":[],"class_list":{"0":"post-9587","1":"product","2":"type-product","3":"status-publish","4":"has-post-thumbnail","6":"product_cat-soffor","7":"product_cat-varor","8":"product_shipping_class-butikshamtning","9":"pa_antalet-paket-1950","10":"pa_djup-230","11":"pa_hojd-275","12":"pa_info-drop-down-bord-tradlos-laddning-sb-165","13":"pa_info1-sithojd49-sittdjup57-inkl-strombryt-el","14":"pa_langd-1213","15":"pa_modell-teddy","16":"pa_monterad-eller-ej-mont","18":"first","19":"instock","20":"purchasable","21":"product-type-simple"},"acf":[],"_links":{"self":[{"href":"https:\/\/sk\u00f6nam\u00f6bler.se\/index.php?rest_route=\/wp\/v2\/product\/9587","targetHints":{"allow":["GET"]}}],"collection":[{"href":"https:\/\/sk\u00f6nam\u00f6bler.se\/index.php?rest_route=\/wp\/v2\/product"}],"about":[{"href":"https:\/\/sk\u00f6nam\u00f6bler.se\/index.php?rest_route=\/wp\/v2\/types\/product"}],"wp:featuredmedia":[{"embeddable":true,"href":"https:\/\/sk\u00f6nam\u00f6bler.se\/index.php?rest_route=\/wp\/v2\/media\/8038"}],"wp:attachment":[{"href":"https:\/\/sk\u00f6nam\u00f6bler.se\/index.php?rest_route=%2Fwp%2Fv2%2Fmedia&parent=9587"}],"wp:term":[{"taxonomy":"product_brand","embeddable":true,"href":"https:\/\/sk\u00f6nam\u00f6bler.se\/index.php?rest_route=%2Fwp%2Fv2%2Fproduct_brand&post=9587"},{"taxonomy":"product_cat","embeddable":true,"href":"https:\/\/sk\u00f6nam\u00f6bler.se\/index.php?rest_route=%2Fwp%2Fv2%2Fproduct_cat&post=9587"},{"taxonomy":"product_tag","embeddable":true,"href":"https:\/\/sk\u00f6nam\u00f6bler.se\/index.php?rest_route=%2Fwp%2Fv2%2Fproduct_tag&post=9587"}],"curies":[{"name":"wp","href":"https:\/\/api.w.org\/{rel}","templated":true}]}}