{"id":9591,"date":"2025-12-09T19:50:25","date_gmt":"2025-12-09T18:50:25","guid":{"rendered":"https:\/\/sk\u00f6nam\u00f6bler.se\/?product=texas-4"},"modified":"2025-12-09T19:50:40","modified_gmt":"2025-12-09T18:50:40","slug":"texas-4","status":"publish","type":"product","link":"https:\/\/sk\u00f6nam\u00f6bler.se\/?product=texas-4","title":{"rendered":"TEXAS"},"content":{"rendered":"<p>M\u00e5tt:\u00a0227x86x85<\/p>\n<p>\u00d6vrigt:\u00a0microfiber tyg<\/p>\n<p>Notering:\u00a0anv\u00e4nd tygimpregnering<br \/>\nSitth\u00f6jd:46,5\/Sittdjup 52\/Ryggh\u00f6jd 50 cm. Sittbredd:200 cm<br \/>\nPolyesterfiber i ryggdynorna ( som \u00e4r l\u00f6stagbara, kan s\u00e4ttas fast med dragkedja)<br \/>\nFoam i sits. Ben ligger i en dragkjedje f\u00f6rvaring under soffans undersp\u00e4nningstyg<br \/>\nD28 (28 kg\/m3)  foam\/plywood\/gummitr\u00e4<br \/>\n100 % POLYESTER\/30 000 MD<\/p>\n","protected":false},"excerpt":{"rendered":"<p>TEXAS 3 sits i m\u00f6rkbrunt  tyg<\/p>\n","protected":false},"featured_media":8057,"template":"","meta":{"_acf_changed":false,"pgc_sgb_lightbox_settings":""},"product_brand":[],"product_cat":[37,55],"product_tag":[],"class_list":{"0":"post-9591","1":"product","2":"type-product","3":"status-publish","4":"has-post-thumbnail","6":"product_cat-soffor","7":"product_cat-varor","8":"product_shipping_class-butikshamtning","9":"pa_antalet-paket-1950","10":"pa_djup-1815","11":"pa_hojd-462","12":"pa_info-microfiber-tyg","13":"pa_langd-227","14":"pa_modell-texas","15":"pa_monterad-eller-ej-mont","17":"first","18":"instock","19":"purchasable","20":"product-type-simple"},"acf":[],"_links":{"self":[{"href":"https:\/\/sk\u00f6nam\u00f6bler.se\/index.php?rest_route=\/wp\/v2\/product\/9591","targetHints":{"allow":["GET"]}}],"collection":[{"href":"https:\/\/sk\u00f6nam\u00f6bler.se\/index.php?rest_route=\/wp\/v2\/product"}],"about":[{"href":"https:\/\/sk\u00f6nam\u00f6bler.se\/index.php?rest_route=\/wp\/v2\/types\/product"}],"wp:featuredmedia":[{"embeddable":true,"href":"https:\/\/sk\u00f6nam\u00f6bler.se\/index.php?rest_route=\/wp\/v2\/media\/8057"}],"wp:attachment":[{"href":"https:\/\/sk\u00f6nam\u00f6bler.se\/index.php?rest_route=%2Fwp%2Fv2%2Fmedia&parent=9591"}],"wp:term":[{"taxonomy":"product_brand","embeddable":true,"href":"https:\/\/sk\u00f6nam\u00f6bler.se\/index.php?rest_route=%2Fwp%2Fv2%2Fproduct_brand&post=9591"},{"taxonomy":"product_cat","embeddable":true,"href":"https:\/\/sk\u00f6nam\u00f6bler.se\/index.php?rest_route=%2Fwp%2Fv2%2Fproduct_cat&post=9591"},{"taxonomy":"product_tag","embeddable":true,"href":"https:\/\/sk\u00f6nam\u00f6bler.se\/index.php?rest_route=%2Fwp%2Fv2%2Fproduct_tag&post=9591"}],"curies":[{"name":"wp","href":"https:\/\/api.w.org\/{rel}","templated":true}]}}