{"id":9723,"date":"2025-12-09T10:13:57","date_gmt":"2025-12-09T09:13:57","guid":{"rendered":"https:\/\/sk\u00f6nam\u00f6bler.se\/?product=glyn"},"modified":"2025-12-09T10:14:07","modified_gmt":"2025-12-09T09:14:07","slug":"glyn","status":"publish","type":"product","link":"https:\/\/sk\u00f6nam\u00f6bler.se\/?product=glyn","title":{"rendered":"GLYN"},"content":{"rendered":"<p>Bredd 80<\/p>\n<p>Djup\u00a084<\/p>\n<p>H\u00f6jd\u00a0110<\/p>\n<p>\u00d6vrigt reclinermodell, svartlackad metall<\/p>\n<p>pall h41\/b44\/d49 cm<\/p>\n<p>Info Sitth\u00f6jd.49\/Sittdjup:49\/Sittbredd:53 cm<br \/>\nRyggh\u00f6jd:73\/H\u00f6jd upp till armst\u00f6d:60 cm<\/p>\n<p>Pkt m\u00e5tt: 85*79*53  gross weight 26 kgs<\/p>\n","protected":false},"excerpt":{"rendered":"<p>GLYN F\u00e5t\u00f6lj med pall i gr\u00e5tt tyg<\/p>\n","protected":false},"featured_media":7878,"template":"","meta":{"_acf_changed":false,"pgc_sgb_lightbox_settings":""},"product_brand":[],"product_cat":[57,55],"product_tag":[],"class_list":{"0":"post-9723","1":"product","2":"type-product","3":"status-publish","4":"has-post-thumbnail","6":"product_cat-fatoljer","7":"product_cat-varor","8":"product_shipping_class-butikshamtning","9":"pa_antale-paket-2746","10":"pa_bredd-99","11":"pa_djup-1067","12":"pa_hojd-338","13":"pa_material-sitthojd-49-sittdjup49-sittbredd53-cm-rygghojd73-hojd-upp-till-armstod60-cm-pkt-matt-857953-gross-weight-26-kgs","14":"pa_modell-glyn","15":"pa_monterad-eller-ej-omont","16":"pa_ovrigt-reclinermodell-svartlackad-metall","18":"first","19":"instock","20":"purchasable","21":"product-type-simple"},"acf":[],"_links":{"self":[{"href":"https:\/\/sk\u00f6nam\u00f6bler.se\/index.php?rest_route=\/wp\/v2\/product\/9723","targetHints":{"allow":["GET"]}}],"collection":[{"href":"https:\/\/sk\u00f6nam\u00f6bler.se\/index.php?rest_route=\/wp\/v2\/product"}],"about":[{"href":"https:\/\/sk\u00f6nam\u00f6bler.se\/index.php?rest_route=\/wp\/v2\/types\/product"}],"wp:featuredmedia":[{"embeddable":true,"href":"https:\/\/sk\u00f6nam\u00f6bler.se\/index.php?rest_route=\/wp\/v2\/media\/7878"}],"wp:attachment":[{"href":"https:\/\/sk\u00f6nam\u00f6bler.se\/index.php?rest_route=%2Fwp%2Fv2%2Fmedia&parent=9723"}],"wp:term":[{"taxonomy":"product_brand","embeddable":true,"href":"https:\/\/sk\u00f6nam\u00f6bler.se\/index.php?rest_route=%2Fwp%2Fv2%2Fproduct_brand&post=9723"},{"taxonomy":"product_cat","embeddable":true,"href":"https:\/\/sk\u00f6nam\u00f6bler.se\/index.php?rest_route=%2Fwp%2Fv2%2Fproduct_cat&post=9723"},{"taxonomy":"product_tag","embeddable":true,"href":"https:\/\/sk\u00f6nam\u00f6bler.se\/index.php?rest_route=%2Fwp%2Fv2%2Fproduct_tag&post=9723"}],"curies":[{"name":"wp","href":"https:\/\/api.w.org\/{rel}","templated":true}]}}