{"id":9729,"date":"2025-12-09T10:13:57","date_gmt":"2025-12-09T09:13:57","guid":{"rendered":"https:\/\/sk\u00f6nam\u00f6bler.se\/?product=mario"},"modified":"2025-12-09T10:14:20","modified_gmt":"2025-12-09T09:14:20","slug":"mario","status":"publish","type":"product","link":"https:\/\/sk\u00f6nam\u00f6bler.se\/?product=mario","title":{"rendered":"MARIO"},"content":{"rendered":"<p>Bredd 73,5<\/p>\n<p>Djup\u00a077<\/p>\n<p>H\u00f6jd\u00a090<\/p>\n<p>\u00d6vrigt patinerade, lackade tr\u00e4ben<\/p>\n<p>maxvikt 130 kg<\/p>\n<p>Info 40000 MD\/100 % polyester<br \/>\nBen i hevea<br \/>\nSitting Width &#8211; 45 cm<br \/>\nSitting Depth &#8211; 52 cm<br \/>\nSitting Height- 48 cm<br \/>\nH\u00f6jd fr\u00e5n golv till armst\u00f6d:64 cm.<br \/>\nRyggh\u00f6jd: 50 cm.<br \/>\nMake Up: Foam with fibre topping<br \/>\nFrame:Solid wood &#038; plywood<\/p>\n","protected":false},"excerpt":{"rendered":"<p>MARIO F\u00e5t\u00f6lj i tyg boucle Cream<\/p>\n","protected":false},"featured_media":7898,"template":"","meta":{"_acf_changed":false,"pgc_sgb_lightbox_settings":""},"product_brand":[],"product_cat":[57,55],"product_tag":[],"class_list":{"0":"post-9729","1":"product","2":"type-product","3":"status-publish","4":"has-post-thumbnail","6":"product_cat-fatoljer","7":"product_cat-varor","8":"product_shipping_class-butikshamtning","9":"pa_antale-paket-2746","10":"pa_bredd-2598","11":"pa_djup-1425","12":"pa_hojd-326","13":"pa_material-40000-md-100-polyester-ben-i-hevea-sitting-width-45-cm-sitting-depth-52-cm-sitting-height-48-cm-hojd-fran-golv-till-armstod64-cm-rygghojd-50-cm-make-up-foam-with-fibre-topping-frames","14":"pa_modell-mario","15":"pa_monterad-eller-ej-omont","16":"pa_ovrigt-patinerade-lackade-traben","18":"first","19":"instock","20":"purchasable","21":"product-type-simple"},"acf":[],"_links":{"self":[{"href":"https:\/\/sk\u00f6nam\u00f6bler.se\/index.php?rest_route=\/wp\/v2\/product\/9729","targetHints":{"allow":["GET"]}}],"collection":[{"href":"https:\/\/sk\u00f6nam\u00f6bler.se\/index.php?rest_route=\/wp\/v2\/product"}],"about":[{"href":"https:\/\/sk\u00f6nam\u00f6bler.se\/index.php?rest_route=\/wp\/v2\/types\/product"}],"wp:featuredmedia":[{"embeddable":true,"href":"https:\/\/sk\u00f6nam\u00f6bler.se\/index.php?rest_route=\/wp\/v2\/media\/7898"}],"wp:attachment":[{"href":"https:\/\/sk\u00f6nam\u00f6bler.se\/index.php?rest_route=%2Fwp%2Fv2%2Fmedia&parent=9729"}],"wp:term":[{"taxonomy":"product_brand","embeddable":true,"href":"https:\/\/sk\u00f6nam\u00f6bler.se\/index.php?rest_route=%2Fwp%2Fv2%2Fproduct_brand&post=9729"},{"taxonomy":"product_cat","embeddable":true,"href":"https:\/\/sk\u00f6nam\u00f6bler.se\/index.php?rest_route=%2Fwp%2Fv2%2Fproduct_cat&post=9729"},{"taxonomy":"product_tag","embeddable":true,"href":"https:\/\/sk\u00f6nam\u00f6bler.se\/index.php?rest_route=%2Fwp%2Fv2%2Fproduct_tag&post=9729"}],"curies":[{"name":"wp","href":"https:\/\/api.w.org\/{rel}","templated":true}]}}