{"id":9730,"date":"2025-12-09T10:13:57","date_gmt":"2025-12-09T09:13:57","guid":{"rendered":"https:\/\/sk\u00f6nam\u00f6bler.se\/?product=prince"},"modified":"2025-12-09T10:14:22","modified_gmt":"2025-12-09T09:14:22","slug":"prince","status":"publish","type":"product","link":"https:\/\/sk\u00f6nam\u00f6bler.se\/?product=prince","title":{"rendered":"PRINCE"},"content":{"rendered":"<p>Bredd 80<\/p>\n<p>Djup\u00a081<\/p>\n<p>H\u00f6jd\u00a0101<\/p>\n<p>\u00d6vrigt tr\u00e4ben,dekorationsnitar<\/p>\n<p>sittdjup 53\/sitth\u00f6jd 45\/sittbredd 49<\/p>\n<p>Info BOX SIZE:(84-35)*(85-55)*81.5CM<br \/>\npoplar\/plywood\/rubber wood\/spring\/polyesterfiber\/foam<br \/>\n100 % POLYESTER\/30 000 MD<\/p>\n","protected":false},"excerpt":{"rendered":"<p>PRINCE F\u00e5t\u00f6lj med armst\u00f6d, brunt tyg<\/p>\n","protected":false},"featured_media":7902,"template":"","meta":{"_acf_changed":false,"pgc_sgb_lightbox_settings":""},"product_brand":[],"product_cat":[57,55],"product_tag":[],"class_list":{"0":"post-9730","1":"product","2":"type-product","3":"status-publish","4":"has-post-thumbnail","6":"product_cat-fatoljer","7":"product_cat-varor","8":"product_shipping_class-butikshamtning","9":"pa_antale-paket-2746","10":"pa_bredd-99","11":"pa_djup-1591","12":"pa_hojd-554","13":"pa_material-box-size84-3585-5581-5cm-poplar-plywood-rubber-wood-spring-polyesterfiber-foam-100-polyester-30-000-md","14":"pa_modell-prince","15":"pa_monterad-eller-ej-omont","16":"pa_ovrigt-trabendekorationsnitar","18":"first","19":"instock","20":"purchasable","21":"product-type-simple"},"acf":[],"_links":{"self":[{"href":"https:\/\/sk\u00f6nam\u00f6bler.se\/index.php?rest_route=\/wp\/v2\/product\/9730","targetHints":{"allow":["GET"]}}],"collection":[{"href":"https:\/\/sk\u00f6nam\u00f6bler.se\/index.php?rest_route=\/wp\/v2\/product"}],"about":[{"href":"https:\/\/sk\u00f6nam\u00f6bler.se\/index.php?rest_route=\/wp\/v2\/types\/product"}],"wp:featuredmedia":[{"embeddable":true,"href":"https:\/\/sk\u00f6nam\u00f6bler.se\/index.php?rest_route=\/wp\/v2\/media\/7902"}],"wp:attachment":[{"href":"https:\/\/sk\u00f6nam\u00f6bler.se\/index.php?rest_route=%2Fwp%2Fv2%2Fmedia&parent=9730"}],"wp:term":[{"taxonomy":"product_brand","embeddable":true,"href":"https:\/\/sk\u00f6nam\u00f6bler.se\/index.php?rest_route=%2Fwp%2Fv2%2Fproduct_brand&post=9730"},{"taxonomy":"product_cat","embeddable":true,"href":"https:\/\/sk\u00f6nam\u00f6bler.se\/index.php?rest_route=%2Fwp%2Fv2%2Fproduct_cat&post=9730"},{"taxonomy":"product_tag","embeddable":true,"href":"https:\/\/sk\u00f6nam\u00f6bler.se\/index.php?rest_route=%2Fwp%2Fv2%2Fproduct_tag&post=9730"}],"curies":[{"name":"wp","href":"https:\/\/api.w.org\/{rel}","templated":true}]}}