{"id":9733,"date":"2025-12-09T10:13:57","date_gmt":"2025-12-09T09:13:57","guid":{"rendered":"https:\/\/sk\u00f6nam\u00f6bler.se\/?product=stenis"},"modified":"2025-12-09T10:14:29","modified_gmt":"2025-12-09T09:14:29","slug":"stenis","status":"publish","type":"product","link":"https:\/\/sk\u00f6nam\u00f6bler.se\/?product=stenis","title":{"rendered":"STENIS"},"content":{"rendered":"<p>Bredd 85<\/p>\n<p>Djup\u00a088<\/p>\n<p>H\u00f6jd\u00a0109<\/p>\n<p>\u00d6vrigt tyg lacey grey\/ 2 motorer<\/p>\n<p>Info Packing size: 85x77x66<br \/>\nSittbredd:51\/Sittdjup:54\/Sitth\u00f6jd:51\/Ryggh\u00f6jd:68\/Ryggbredd nere:64 cm\/Armst\u00f6dsbredd:17cm<br \/>\nH\u00f6jd fr\u00e5n golv till armst\u00f6d:64 cm     Maxvikt 120 KG<\/p>\n","protected":false},"excerpt":{"rendered":"<p>STENIS Reclinerf\u00e5t\u00f6lj med  lift, El<\/p>\n","protected":false},"featured_media":7911,"template":"","meta":{"_acf_changed":false,"pgc_sgb_lightbox_settings":""},"product_brand":[],"product_cat":[57,55],"product_tag":[],"class_list":{"0":"post-9733","1":"product","2":"type-product","3":"status-publish","4":"has-post-thumbnail","6":"product_cat-fatoljer","7":"product_cat-varor","8":"product_shipping_class-butikshamtning","9":"pa_antale-paket-2746","10":"pa_bredd-128","11":"pa_djup-1769","12":"pa_hojd-109","13":"pa_material-packing-size-85x77x66-sittbredd51-sittdjup54-sitthojd51-rygghojd68-ryggbredd-nere64-cm-armstodsbredd17cm-hojd-fran-golv-till-armstod64-cm-maxvikt-120-kg","14":"pa_modell-stenis","15":"pa_monterad-eller-ej-mont","16":"pa_ovrigt-tyg-lacey-grey-2-motorer","18":"first","19":"instock","20":"purchasable","21":"product-type-simple"},"acf":[],"_links":{"self":[{"href":"https:\/\/sk\u00f6nam\u00f6bler.se\/index.php?rest_route=\/wp\/v2\/product\/9733","targetHints":{"allow":["GET"]}}],"collection":[{"href":"https:\/\/sk\u00f6nam\u00f6bler.se\/index.php?rest_route=\/wp\/v2\/product"}],"about":[{"href":"https:\/\/sk\u00f6nam\u00f6bler.se\/index.php?rest_route=\/wp\/v2\/types\/product"}],"wp:featuredmedia":[{"embeddable":true,"href":"https:\/\/sk\u00f6nam\u00f6bler.se\/index.php?rest_route=\/wp\/v2\/media\/7911"}],"wp:attachment":[{"href":"https:\/\/sk\u00f6nam\u00f6bler.se\/index.php?rest_route=%2Fwp%2Fv2%2Fmedia&parent=9733"}],"wp:term":[{"taxonomy":"product_brand","embeddable":true,"href":"https:\/\/sk\u00f6nam\u00f6bler.se\/index.php?rest_route=%2Fwp%2Fv2%2Fproduct_brand&post=9733"},{"taxonomy":"product_cat","embeddable":true,"href":"https:\/\/sk\u00f6nam\u00f6bler.se\/index.php?rest_route=%2Fwp%2Fv2%2Fproduct_cat&post=9733"},{"taxonomy":"product_tag","embeddable":true,"href":"https:\/\/sk\u00f6nam\u00f6bler.se\/index.php?rest_route=%2Fwp%2Fv2%2Fproduct_tag&post=9733"}],"curies":[{"name":"wp","href":"https:\/\/api.w.org\/{rel}","templated":true}]}}