{"id":9811,"date":"2025-12-09T19:49:29","date_gmt":"2025-12-09T18:49:29","guid":{"rendered":"https:\/\/sk\u00f6nam\u00f6bler.se\/?product=johan-5"},"modified":"2025-12-09T19:49:46","modified_gmt":"2025-12-09T18:49:46","slug":"johan-5","status":"publish","type":"product","link":"https:\/\/sk\u00f6nam\u00f6bler.se\/?product=johan-5","title":{"rendered":"JOHAN"},"content":{"rendered":"<p>M\u00e5tt:\u00a0188x92x104<\/p>\n<p>\u00d6vrigt:\u00a0tyg. sittbredd 156 cm<\/p>\n<p>sitth\u00f6jd 50,sittdjup 52, armst\u00f6d h\u00f6jd 61<\/p>\n<p>Notering:\u00a035 000 MD\/100 % polyester<br \/>\nOkin internal mechanism<br \/>\n  Okin electric motors<br \/>\n  D28 density foam and 1.8mm pocket coil seating<br \/>\n  High endurance fabric covering<br \/>\n  Fibre filled backing cushion<br \/>\nRyggh\u00f6jd 60 cm<\/p>\n","protected":false},"excerpt":{"rendered":"<p>JOHAN 3 sits reclinersoffa, el, brun<\/p>\n","protected":false},"featured_media":7964,"template":"","meta":{"_acf_changed":false,"pgc_sgb_lightbox_settings":""},"product_brand":[],"product_cat":[37,55],"product_tag":[],"class_list":{"0":"post-9811","1":"product","2":"type-product","3":"status-publish","4":"has-post-thumbnail","6":"product_cat-soffor","7":"product_cat-varor","8":"product_shipping_class-butikshamtning","9":"pa_antalet-paket-1950","10":"pa_djup-1237","11":"pa_hojd-219","12":"pa_info-tyg-sittbredd-156-cm","13":"pa_info1-sitthojd-50sittdjup-52-armstod-hojd-61","14":"pa_langd-1241","15":"pa_modell-johan","16":"pa_monterad-eller-ej-mont","18":"first","19":"instock","20":"purchasable","21":"product-type-simple"},"acf":[],"_links":{"self":[{"href":"https:\/\/sk\u00f6nam\u00f6bler.se\/index.php?rest_route=\/wp\/v2\/product\/9811","targetHints":{"allow":["GET"]}}],"collection":[{"href":"https:\/\/sk\u00f6nam\u00f6bler.se\/index.php?rest_route=\/wp\/v2\/product"}],"about":[{"href":"https:\/\/sk\u00f6nam\u00f6bler.se\/index.php?rest_route=\/wp\/v2\/types\/product"}],"wp:featuredmedia":[{"embeddable":true,"href":"https:\/\/sk\u00f6nam\u00f6bler.se\/index.php?rest_route=\/wp\/v2\/media\/7964"}],"wp:attachment":[{"href":"https:\/\/sk\u00f6nam\u00f6bler.se\/index.php?rest_route=%2Fwp%2Fv2%2Fmedia&parent=9811"}],"wp:term":[{"taxonomy":"product_brand","embeddable":true,"href":"https:\/\/sk\u00f6nam\u00f6bler.se\/index.php?rest_route=%2Fwp%2Fv2%2Fproduct_brand&post=9811"},{"taxonomy":"product_cat","embeddable":true,"href":"https:\/\/sk\u00f6nam\u00f6bler.se\/index.php?rest_route=%2Fwp%2Fv2%2Fproduct_cat&post=9811"},{"taxonomy":"product_tag","embeddable":true,"href":"https:\/\/sk\u00f6nam\u00f6bler.se\/index.php?rest_route=%2Fwp%2Fv2%2Fproduct_tag&post=9811"}],"curies":[{"name":"wp","href":"https:\/\/api.w.org\/{rel}","templated":true}]}}