{"id":9869,"date":"2025-12-09T17:38:39","date_gmt":"2025-12-09T16:38:39","guid":{"rendered":"https:\/\/sk\u00f6nam\u00f6bler.se\/?product=roa"},"modified":"2025-12-09T17:39:14","modified_gmt":"2025-12-09T16:39:14","slug":"roa","status":"publish","type":"product","link":"https:\/\/sk\u00f6nam\u00f6bler.se\/?product=roa","title":{"rendered":"R\u00d6A"},"content":{"rendered":"<p>M\u00e5tt: L x D x H 120x120x75<\/p>\n<p>Material och f\u00e4rg:\u00a0 lackad ekfaner.<\/p>\n<p>\u00d6vrigt:\u00a0\u00a0svartlackat metallunderrede.<\/p>\n","protected":false},"excerpt":{"rendered":"<p>R\u00d6A Matbord inkl 2 till\u00e4gg \u00d8120-200 brun<\/p>\n","protected":false},"featured_media":8540,"template":"","meta":{"_acf_changed":false,"pgc_sgb_lightbox_settings":""},"product_brand":[],"product_cat":[38,55],"product_tag":[],"class_list":{"0":"post-9869","1":"product","2":"type-product","3":"status-publish","4":"has-post-thumbnail","6":"product_cat-matbord","7":"product_cat-varor","8":"pa_antalet-paket-1949","9":"pa_djup-1664","10":"pa_hojd-83","11":"pa_langd-72","12":"pa_modell-roa","13":"pa_monterad-eller-ej-omont","14":"pa_ovrigt-lackad-ekfaner","15":"pa_ovrigt-1-svartlackat-metallunderrede","17":"first","18":"instock","19":"purchasable","20":"product-type-simple"},"acf":[],"_links":{"self":[{"href":"https:\/\/sk\u00f6nam\u00f6bler.se\/index.php?rest_route=\/wp\/v2\/product\/9869","targetHints":{"allow":["GET"]}}],"collection":[{"href":"https:\/\/sk\u00f6nam\u00f6bler.se\/index.php?rest_route=\/wp\/v2\/product"}],"about":[{"href":"https:\/\/sk\u00f6nam\u00f6bler.se\/index.php?rest_route=\/wp\/v2\/types\/product"}],"wp:featuredmedia":[{"embeddable":true,"href":"https:\/\/sk\u00f6nam\u00f6bler.se\/index.php?rest_route=\/wp\/v2\/media\/8540"}],"wp:attachment":[{"href":"https:\/\/sk\u00f6nam\u00f6bler.se\/index.php?rest_route=%2Fwp%2Fv2%2Fmedia&parent=9869"}],"wp:term":[{"taxonomy":"product_brand","embeddable":true,"href":"https:\/\/sk\u00f6nam\u00f6bler.se\/index.php?rest_route=%2Fwp%2Fv2%2Fproduct_brand&post=9869"},{"taxonomy":"product_cat","embeddable":true,"href":"https:\/\/sk\u00f6nam\u00f6bler.se\/index.php?rest_route=%2Fwp%2Fv2%2Fproduct_cat&post=9869"},{"taxonomy":"product_tag","embeddable":true,"href":"https:\/\/sk\u00f6nam\u00f6bler.se\/index.php?rest_route=%2Fwp%2Fv2%2Fproduct_tag&post=9869"}],"curies":[{"name":"wp","href":"https:\/\/api.w.org\/{rel}","templated":true}]}}