{"id":9941,"date":"2025-12-08T11:13:00","date_gmt":"2025-12-08T10:13:00","guid":{"rendered":"https:\/\/sk\u00f6nam\u00f6bler.se\/?product=till-alborg"},"modified":"2025-12-08T11:13:04","modified_gmt":"2025-12-08T10:13:04","slug":"till-alborg","status":"publish","type":"product","link":"https:\/\/sk\u00f6nam\u00f6bler.se\/?product=till-alborg","title":{"rendered":"till Alborg"},"content":{"rendered":"<p>M\u00e5tt:\u00a0110&#215;40 cm<\/p>\n<p>Material:\u00a0Massiv oljad ek<\/p>\n<p>Il\u00e4ggsskiva<\/p>\n","protected":false},"excerpt":{"rendered":"<p>Praktisk il\u00e4gg f\u00f6r att f\u00f6rl\u00e4nga bordet vid behov.<\/p>\n","protected":false},"featured_media":9278,"template":"","meta":{"_acf_changed":false,"pgc_sgb_lightbox_settings":""},"product_brand":[],"product_cat":[2330,38,55],"product_tag":[],"class_list":{"0":"post-9941","1":"product","2":"type-product","3":"status-publish","4":"has-post-thumbnail","6":"product_cat-ilaggsskiva","7":"product_cat-matbord","8":"product_cat-varor","9":"product_shipping_class-dropshipping","10":"pa_antalet-paket-1950","11":"pa_material-massiv-oljad-ek","12":"pa_matt-110x40-cm","13":"pa_modell-till-alborg","15":"first","16":"instock","17":"purchasable","18":"product-type-simple"},"acf":[],"_links":{"self":[{"href":"https:\/\/sk\u00f6nam\u00f6bler.se\/index.php?rest_route=\/wp\/v2\/product\/9941","targetHints":{"allow":["GET"]}}],"collection":[{"href":"https:\/\/sk\u00f6nam\u00f6bler.se\/index.php?rest_route=\/wp\/v2\/product"}],"about":[{"href":"https:\/\/sk\u00f6nam\u00f6bler.se\/index.php?rest_route=\/wp\/v2\/types\/product"}],"wp:featuredmedia":[{"embeddable":true,"href":"https:\/\/sk\u00f6nam\u00f6bler.se\/index.php?rest_route=\/wp\/v2\/media\/9278"}],"wp:attachment":[{"href":"https:\/\/sk\u00f6nam\u00f6bler.se\/index.php?rest_route=%2Fwp%2Fv2%2Fmedia&parent=9941"}],"wp:term":[{"taxonomy":"product_brand","embeddable":true,"href":"https:\/\/sk\u00f6nam\u00f6bler.se\/index.php?rest_route=%2Fwp%2Fv2%2Fproduct_brand&post=9941"},{"taxonomy":"product_cat","embeddable":true,"href":"https:\/\/sk\u00f6nam\u00f6bler.se\/index.php?rest_route=%2Fwp%2Fv2%2Fproduct_cat&post=9941"},{"taxonomy":"product_tag","embeddable":true,"href":"https:\/\/sk\u00f6nam\u00f6bler.se\/index.php?rest_route=%2Fwp%2Fv2%2Fproduct_tag&post=9941"}],"curies":[{"name":"wp","href":"https:\/\/api.w.org\/{rel}","templated":true}]}}