{"id":9953,"date":"2025-12-08T11:13:00","date_gmt":"2025-12-08T10:13:00","guid":{"rendered":"https:\/\/sk\u00f6nam\u00f6bler.se\/?product=odense-3"},"modified":"2025-12-08T11:13:12","modified_gmt":"2025-12-08T10:13:12","slug":"odense-3","status":"publish","type":"product","link":"https:\/\/sk\u00f6nam\u00f6bler.se\/?product=odense-3","title":{"rendered":"Odense"},"content":{"rendered":"<p>M\u00e5tt:\u00a0120\/160x80x75 cm<\/p>\n<p>Material:\u00a0Massiv vitoljad ek<\/p>\n<p>Matbord<\/p>\n","protected":false},"excerpt":{"rendered":"<p>Ljust och stilrent klaffbord i massiv vitoljad ek. H\u00e4ngklaffen sitter alltid p\u00e5 plats och kan f\u00e4llas upp enkelt och smidigt vid behov.<\/p>\n","protected":false},"featured_media":3992,"template":"","meta":{"_acf_changed":false,"pgc_sgb_lightbox_settings":""},"product_brand":[],"product_cat":[38,55],"product_tag":[],"class_list":{"0":"post-9953","1":"product","2":"type-product","3":"status-publish","4":"has-post-thumbnail","6":"product_cat-matbord","7":"product_cat-varor","8":"product_shipping_class-dropshipping","9":"pa_antalet-paket-1950","10":"pa_material-massiv-vitoljad-ek","11":"pa_matt-120-160x80x75-cm","12":"pa_modell-odense","14":"first","15":"instock","16":"purchasable","17":"product-type-simple"},"acf":[],"_links":{"self":[{"href":"https:\/\/sk\u00f6nam\u00f6bler.se\/index.php?rest_route=\/wp\/v2\/product\/9953","targetHints":{"allow":["GET"]}}],"collection":[{"href":"https:\/\/sk\u00f6nam\u00f6bler.se\/index.php?rest_route=\/wp\/v2\/product"}],"about":[{"href":"https:\/\/sk\u00f6nam\u00f6bler.se\/index.php?rest_route=\/wp\/v2\/types\/product"}],"wp:featuredmedia":[{"embeddable":true,"href":"https:\/\/sk\u00f6nam\u00f6bler.se\/index.php?rest_route=\/wp\/v2\/media\/3992"}],"wp:attachment":[{"href":"https:\/\/sk\u00f6nam\u00f6bler.se\/index.php?rest_route=%2Fwp%2Fv2%2Fmedia&parent=9953"}],"wp:term":[{"taxonomy":"product_brand","embeddable":true,"href":"https:\/\/sk\u00f6nam\u00f6bler.se\/index.php?rest_route=%2Fwp%2Fv2%2Fproduct_brand&post=9953"},{"taxonomy":"product_cat","embeddable":true,"href":"https:\/\/sk\u00f6nam\u00f6bler.se\/index.php?rest_route=%2Fwp%2Fv2%2Fproduct_cat&post=9953"},{"taxonomy":"product_tag","embeddable":true,"href":"https:\/\/sk\u00f6nam\u00f6bler.se\/index.php?rest_route=%2Fwp%2Fv2%2Fproduct_tag&post=9953"}],"curies":[{"name":"wp","href":"https:\/\/api.w.org\/{rel}","templated":true}]}}