{"id":9973,"date":"2025-12-08T11:13:16","date_gmt":"2025-12-08T10:13:16","guid":{"rendered":"https:\/\/sk\u00f6nam\u00f6bler.se\/?product=hemse"},"modified":"2025-12-08T11:13:24","modified_gmt":"2025-12-08T10:13:24","slug":"hemse","status":"publish","type":"product","link":"https:\/\/sk\u00f6nam\u00f6bler.se\/?product=hemse","title":{"rendered":"Hemse"},"content":{"rendered":"<p>M\u00e5tt:\u00a0140\/180&#215;75 cm<\/p>\n<p>Material:\u00a0Massiv r\u00f6koljad ek<\/p>\n<p>Matbord<\/p>\n","protected":false},"excerpt":{"rendered":"<p>Ett rustikt matbord runt eller ovalt med il\u00e4ggsskivor \u00e4r ett perfekt val om du letar efter ett m\u00e5ngsidigt och praktiskt bord till ditt hem. Den medf\u00f6ljande il\u00e4ggsivan f\u00f6rvaras praktiskt under skivan n\u00e4r den inte anv\u00e4nds.<\/p>\n","protected":false},"featured_media":9305,"template":"","meta":{"_acf_changed":false,"pgc_sgb_lightbox_settings":""},"product_brand":[],"product_cat":[38,55],"product_tag":[],"class_list":{"0":"post-9973","1":"product","2":"type-product","3":"status-publish","4":"has-post-thumbnail","6":"product_cat-matbord","7":"product_cat-varor","8":"product_shipping_class-dropshipping","9":"pa_antalet-paket-1950","10":"pa_material-massiv-rokoljad-ek","11":"pa_matt-140-180x75-cm","12":"pa_modell-hemse","14":"first","15":"instock","16":"purchasable","17":"product-type-simple"},"acf":[],"_links":{"self":[{"href":"https:\/\/sk\u00f6nam\u00f6bler.se\/index.php?rest_route=\/wp\/v2\/product\/9973","targetHints":{"allow":["GET"]}}],"collection":[{"href":"https:\/\/sk\u00f6nam\u00f6bler.se\/index.php?rest_route=\/wp\/v2\/product"}],"about":[{"href":"https:\/\/sk\u00f6nam\u00f6bler.se\/index.php?rest_route=\/wp\/v2\/types\/product"}],"wp:featuredmedia":[{"embeddable":true,"href":"https:\/\/sk\u00f6nam\u00f6bler.se\/index.php?rest_route=\/wp\/v2\/media\/9305"}],"wp:attachment":[{"href":"https:\/\/sk\u00f6nam\u00f6bler.se\/index.php?rest_route=%2Fwp%2Fv2%2Fmedia&parent=9973"}],"wp:term":[{"taxonomy":"product_brand","embeddable":true,"href":"https:\/\/sk\u00f6nam\u00f6bler.se\/index.php?rest_route=%2Fwp%2Fv2%2Fproduct_brand&post=9973"},{"taxonomy":"product_cat","embeddable":true,"href":"https:\/\/sk\u00f6nam\u00f6bler.se\/index.php?rest_route=%2Fwp%2Fv2%2Fproduct_cat&post=9973"},{"taxonomy":"product_tag","embeddable":true,"href":"https:\/\/sk\u00f6nam\u00f6bler.se\/index.php?rest_route=%2Fwp%2Fv2%2Fproduct_tag&post=9973"}],"curies":[{"name":"wp","href":"https:\/\/api.w.org\/{rel}","templated":true}]}}