{"id":9974,"date":"2025-12-08T11:13:16","date_gmt":"2025-12-08T10:13:16","guid":{"rendered":"https:\/\/sk\u00f6nam\u00f6bler.se\/?product=dresden"},"modified":"2025-12-08T11:13:25","modified_gmt":"2025-12-08T10:13:25","slug":"dresden","status":"publish","type":"product","link":"https:\/\/sk\u00f6nam\u00f6bler.se\/?product=dresden","title":{"rendered":"Dresden"},"content":{"rendered":"<p>M\u00e5tt:\u00a0135&#215;75 cm<\/p>\n<p>Material:\u00a0Massiv vitoljad ek<\/p>\n<p>Matbord<\/p>\n","protected":false},"excerpt":{"rendered":"<p>Rustikt matbord i massiv vitoljad ek med plats f\u00f6r 1-3 il\u00e4gg. Med alla il\u00e4gg blir bordet hela 285 cm.l\u00e5ngt och passar bra n\u00e4r man blir m\u00e5nga till bordet.<\/p>\n","protected":false},"featured_media":9307,"template":"","meta":{"_acf_changed":false,"pgc_sgb_lightbox_settings":""},"product_brand":[],"product_cat":[38,55],"product_tag":[],"class_list":{"0":"post-9974","1":"product","2":"type-product","3":"status-publish","4":"has-post-thumbnail","6":"product_cat-matbord","7":"product_cat-varor","8":"product_shipping_class-dropshipping","9":"pa_antalet-paket-1950","10":"pa_material-massiv-vitoljad-ek","11":"pa_matt-135x75-cm","12":"pa_modell-dresden","14":"first","15":"instock","16":"purchasable","17":"product-type-simple"},"acf":[],"_links":{"self":[{"href":"https:\/\/sk\u00f6nam\u00f6bler.se\/index.php?rest_route=\/wp\/v2\/product\/9974","targetHints":{"allow":["GET"]}}],"collection":[{"href":"https:\/\/sk\u00f6nam\u00f6bler.se\/index.php?rest_route=\/wp\/v2\/product"}],"about":[{"href":"https:\/\/sk\u00f6nam\u00f6bler.se\/index.php?rest_route=\/wp\/v2\/types\/product"}],"wp:featuredmedia":[{"embeddable":true,"href":"https:\/\/sk\u00f6nam\u00f6bler.se\/index.php?rest_route=\/wp\/v2\/media\/9307"}],"wp:attachment":[{"href":"https:\/\/sk\u00f6nam\u00f6bler.se\/index.php?rest_route=%2Fwp%2Fv2%2Fmedia&parent=9974"}],"wp:term":[{"taxonomy":"product_brand","embeddable":true,"href":"https:\/\/sk\u00f6nam\u00f6bler.se\/index.php?rest_route=%2Fwp%2Fv2%2Fproduct_brand&post=9974"},{"taxonomy":"product_cat","embeddable":true,"href":"https:\/\/sk\u00f6nam\u00f6bler.se\/index.php?rest_route=%2Fwp%2Fv2%2Fproduct_cat&post=9974"},{"taxonomy":"product_tag","embeddable":true,"href":"https:\/\/sk\u00f6nam\u00f6bler.se\/index.php?rest_route=%2Fwp%2Fv2%2Fproduct_tag&post=9974"}],"curies":[{"name":"wp","href":"https:\/\/api.w.org\/{rel}","templated":true}]}}