{"id":9976,"date":"2025-12-08T11:13:16","date_gmt":"2025-12-08T10:13:16","guid":{"rendered":"https:\/\/sk\u00f6nam\u00f6bler.se\/?product=odense-med-ilaggsskiva-och-4-faro-stolar"},"modified":"2025-12-08T11:13:27","modified_gmt":"2025-12-08T10:13:27","slug":"odense-med-ilaggsskiva-och-4-faro-stolar","status":"publish","type":"product","link":"https:\/\/sk\u00f6nam\u00f6bler.se\/?product=odense-med-ilaggsskiva-och-4-faro-stolar","title":{"rendered":"Odense med Il\u00e4ggsskiva och 4 F\u00e5r\u00f6 Stolar"},"content":{"rendered":"<p>M\u00e5tt:\u00a0110\/150x110x75 cm<\/p>\n<p>Material:\u00a0Massiv vitoljad ek<\/p>\n<p>Matgrupp<\/p>\n","protected":false},"excerpt":{"rendered":"<p>Trendig komplett matgrupp med 4 stolar i massiv vitoljad ek. N\u00e4r medf\u00f6ljande il\u00e4gget anv\u00e4nds blir bordet 150 cm l\u00e5ngt och har plats f\u00f6r st\u00f6rre s\u00e4llskap vid behov.<\/p>\n","protected":false},"featured_media":4015,"template":"","meta":{"_acf_changed":false,"pgc_sgb_lightbox_settings":""},"product_brand":[],"product_cat":[61],"product_tag":[],"class_list":{"0":"post-9976","1":"product","2":"type-product","3":"status-publish","4":"has-post-thumbnail","6":"product_cat-matgrupp","7":"product_shipping_class-dropshipping","8":"pa_antalet-paket-1950","9":"pa_material-massiv-vitoljad-ek","10":"pa_matt-110-150x110x75-cm","11":"pa_modell-odense-med-ilaggsskiva-och-4-faro-stolar","13":"first","14":"instock","15":"purchasable","16":"product-type-simple"},"acf":[],"_links":{"self":[{"href":"https:\/\/sk\u00f6nam\u00f6bler.se\/index.php?rest_route=\/wp\/v2\/product\/9976","targetHints":{"allow":["GET"]}}],"collection":[{"href":"https:\/\/sk\u00f6nam\u00f6bler.se\/index.php?rest_route=\/wp\/v2\/product"}],"about":[{"href":"https:\/\/sk\u00f6nam\u00f6bler.se\/index.php?rest_route=\/wp\/v2\/types\/product"}],"wp:featuredmedia":[{"embeddable":true,"href":"https:\/\/sk\u00f6nam\u00f6bler.se\/index.php?rest_route=\/wp\/v2\/media\/4015"}],"wp:attachment":[{"href":"https:\/\/sk\u00f6nam\u00f6bler.se\/index.php?rest_route=%2Fwp%2Fv2%2Fmedia&parent=9976"}],"wp:term":[{"taxonomy":"product_brand","embeddable":true,"href":"https:\/\/sk\u00f6nam\u00f6bler.se\/index.php?rest_route=%2Fwp%2Fv2%2Fproduct_brand&post=9976"},{"taxonomy":"product_cat","embeddable":true,"href":"https:\/\/sk\u00f6nam\u00f6bler.se\/index.php?rest_route=%2Fwp%2Fv2%2Fproduct_cat&post=9976"},{"taxonomy":"product_tag","embeddable":true,"href":"https:\/\/sk\u00f6nam\u00f6bler.se\/index.php?rest_route=%2Fwp%2Fv2%2Fproduct_tag&post=9976"}],"curies":[{"name":"wp","href":"https:\/\/api.w.org\/{rel}","templated":true}]}}