{"id":9979,"date":"2025-12-08T11:13:30","date_gmt":"2025-12-08T10:13:30","guid":{"rendered":"https:\/\/sk\u00f6nam\u00f6bler.se\/?product=odense-med-6-eksjo-stolar"},"modified":"2025-12-08T11:13:30","modified_gmt":"2025-12-08T10:13:30","slug":"odense-med-6-eksjo-stolar","status":"publish","type":"product","link":"https:\/\/sk\u00f6nam\u00f6bler.se\/?product=odense-med-6-eksjo-stolar","title":{"rendered":"Odense med 6 Eksj\u00f6 Stolar"},"content":{"rendered":"<p>M\u00e5tt:\u00a0180x90x75 cm<\/p>\n<p>Material:\u00a0Massiv vitoljad ek<\/p>\n<p>Matgrupp<\/p>\n","protected":false},"excerpt":{"rendered":"<p>Elegant matgrupp med bord i massiv vitoljad ek och 6 stolar i massiv vitoljad ek. Bordet g\u00e5r att komplettera med insticksklaff p\u00e5 b\u00e5da sidor om man vill, praktiskt n\u00e4r ni blir m\u00e5nga till bordet.<\/p>\n","protected":false},"featured_media":4019,"template":"","meta":{"_acf_changed":false,"pgc_sgb_lightbox_settings":""},"product_brand":[],"product_cat":[61],"product_tag":[],"class_list":{"0":"post-9979","1":"product","2":"type-product","3":"status-publish","4":"has-post-thumbnail","6":"product_cat-matgrupp","7":"product_shipping_class-dropshipping","8":"pa_antalet-paket-1950","9":"pa_material-massiv-vitoljad-ek","10":"pa_matt-180x90x75-cm","11":"pa_modell-odense-med-6-eksjo-stolar","13":"first","14":"instock","15":"purchasable","16":"product-type-simple"},"acf":[],"_links":{"self":[{"href":"https:\/\/sk\u00f6nam\u00f6bler.se\/index.php?rest_route=\/wp\/v2\/product\/9979","targetHints":{"allow":["GET"]}}],"collection":[{"href":"https:\/\/sk\u00f6nam\u00f6bler.se\/index.php?rest_route=\/wp\/v2\/product"}],"about":[{"href":"https:\/\/sk\u00f6nam\u00f6bler.se\/index.php?rest_route=\/wp\/v2\/types\/product"}],"wp:featuredmedia":[{"embeddable":true,"href":"https:\/\/sk\u00f6nam\u00f6bler.se\/index.php?rest_route=\/wp\/v2\/media\/4019"}],"wp:attachment":[{"href":"https:\/\/sk\u00f6nam\u00f6bler.se\/index.php?rest_route=%2Fwp%2Fv2%2Fmedia&parent=9979"}],"wp:term":[{"taxonomy":"product_brand","embeddable":true,"href":"https:\/\/sk\u00f6nam\u00f6bler.se\/index.php?rest_route=%2Fwp%2Fv2%2Fproduct_brand&post=9979"},{"taxonomy":"product_cat","embeddable":true,"href":"https:\/\/sk\u00f6nam\u00f6bler.se\/index.php?rest_route=%2Fwp%2Fv2%2Fproduct_cat&post=9979"},{"taxonomy":"product_tag","embeddable":true,"href":"https:\/\/sk\u00f6nam\u00f6bler.se\/index.php?rest_route=%2Fwp%2Fv2%2Fproduct_tag&post=9979"}],"curies":[{"name":"wp","href":"https:\/\/api.w.org\/{rel}","templated":true}]}}