{"id":9996,"date":"2025-12-08T11:13:30","date_gmt":"2025-12-08T10:13:30","guid":{"rendered":"https:\/\/sk\u00f6nam\u00f6bler.se\/?product=kivik-med-6-borgholm-stolar"},"modified":"2025-12-08T11:13:41","modified_gmt":"2025-12-08T10:13:41","slug":"kivik-med-6-borgholm-stolar","status":"publish","type":"product","link":"https:\/\/sk\u00f6nam\u00f6bler.se\/?product=kivik-med-6-borgholm-stolar","title":{"rendered":"Kivik med 6 Borgholm Stolar"},"content":{"rendered":"<p>M\u00e5tt:\u00a0160\/210x90x75 cm<\/p>\n<p>Material:\u00a0Massiv vitoljad ek \/ svartbetsad ask<\/p>\n<p>Matgrupp<\/p>\n","protected":false},"excerpt":{"rendered":"<p>Oval matgrupp i massiv vitoljad ek med b\u00e5gformade kanter och 6 svart stolar i massiv ask, den medf\u00f6ljande il\u00e4ggskivan g\u00f6r att bordet kan f\u00f6rl\u00e4ngas till hela 210 cm.<\/p>\n","protected":false},"featured_media":9313,"template":"","meta":{"_acf_changed":false,"pgc_sgb_lightbox_settings":""},"product_brand":[],"product_cat":[61],"product_tag":[],"class_list":{"0":"post-9996","1":"product","2":"type-product","3":"status-publish","4":"has-post-thumbnail","6":"product_cat-matgrupp","7":"product_shipping_class-dropshipping","8":"pa_antalet-paket-1950","9":"pa_material-massiv-vitoljad-ek-svartbetsad-ask","10":"pa_matt-160-210x90x75-cm","11":"pa_modell-kivik-med-6-borgholm-stolar","13":"first","14":"instock","15":"purchasable","16":"product-type-simple"},"acf":[],"_links":{"self":[{"href":"https:\/\/sk\u00f6nam\u00f6bler.se\/index.php?rest_route=\/wp\/v2\/product\/9996","targetHints":{"allow":["GET"]}}],"collection":[{"href":"https:\/\/sk\u00f6nam\u00f6bler.se\/index.php?rest_route=\/wp\/v2\/product"}],"about":[{"href":"https:\/\/sk\u00f6nam\u00f6bler.se\/index.php?rest_route=\/wp\/v2\/types\/product"}],"wp:featuredmedia":[{"embeddable":true,"href":"https:\/\/sk\u00f6nam\u00f6bler.se\/index.php?rest_route=\/wp\/v2\/media\/9313"}],"wp:attachment":[{"href":"https:\/\/sk\u00f6nam\u00f6bler.se\/index.php?rest_route=%2Fwp%2Fv2%2Fmedia&parent=9996"}],"wp:term":[{"taxonomy":"product_brand","embeddable":true,"href":"https:\/\/sk\u00f6nam\u00f6bler.se\/index.php?rest_route=%2Fwp%2Fv2%2Fproduct_brand&post=9996"},{"taxonomy":"product_cat","embeddable":true,"href":"https:\/\/sk\u00f6nam\u00f6bler.se\/index.php?rest_route=%2Fwp%2Fv2%2Fproduct_cat&post=9996"},{"taxonomy":"product_tag","embeddable":true,"href":"https:\/\/sk\u00f6nam\u00f6bler.se\/index.php?rest_route=%2Fwp%2Fv2%2Fproduct_tag&post=9996"}],"curies":[{"name":"wp","href":"https:\/\/api.w.org\/{rel}","templated":true}]}}